{"id":107,"date":"2025-03-06T23:39:36","date_gmt":"2025-03-06T20:39:36","guid":{"rendered":"https:\/\/emeks.com.tr\/?page_id=107"},"modified":"2025-03-11T00:24:59","modified_gmt":"2025-03-10T21:24:59","slug":"mimari-projeler","status":"publish","type":"page","link":"https:\/\/odakplanlama.com\/en\/mimari-projeler\/","title":{"rendered":"Architectural Projects"},"content":{"rendered":"<div class=\"clear\"><\/div><div class=\"blank-section\"><div class=\"wpb_column vc_column_container vc_col-sm-12\"><div class=\"vc_column-inner\"><div class=\"wpb_wrapper\"><div class=\"sec-port-vc\"><div class=\"row\"><div class=\"col-md-6 animate-box\" data-animate-effect=\"fadeInLeft\"><a href=\"https:\/\/odakplanlama.com\/en\/portfolio\/gebze-lojistik-ve-depolama-tesisi-mimari-projesi\/\" class=\"desc\"><div class=\"project\"><img decoding=\"async\" src=\"https:\/\/odakplanlama.com\/wp-content\/uploads\/2025\/03\/gebzelojistik2.webp\"  class=\"img-fluid\" alt=\"\" \/><div class=\"desc\"><div class=\"con\"><h3>GEBZE LOGISTICS and WARE HOUSE ARCHITECTURAL PROJECT<\/h3><span><span class=\"cat-divider\">Architectural Projects  <\/span><\/span><\/div><\/div><\/div><\/a><\/div><div class=\"col-md-6 animate-box\" data-animate-effect=\"fadeInLeft\"><a href=\"https:\/\/odakplanlama.com\/en\/portfolio\/umraniye-atasehir-finas-merkezi-ticari-ofis-mimari-projesi\/\" class=\"desc\"><div class=\"project\"><img decoding=\"async\" src=\"https:\/\/odakplanlama.com\/wp-content\/uploads\/2025\/03\/atasehirticariofis5.webp\"  class=\"img-fluid\" alt=\"\" \/><div class=\"desc\"><div class=\"con\"><h3>\u00dcMRAN\u0130YE (ATA\u015eEH\u0130R FINANCIAL CENTER) COMMERCIAL - OFFICE ARCHITECTURAL PROJECT<\/h3><span><span class=\"cat-divider\">Architectural Projects  <\/span><\/span><\/div><\/div><\/div><\/a><\/div><div class=\"col-md-6 animate-box\" data-animate-effect=\"fadeInLeft\"><a href=\"https:\/\/odakplanlama.com\/en\/portfolio\/gebze-bigshop-is-merkezi-ve-akaryakit-istasyonu-mimari-projesi\/\" class=\"desc\"><div class=\"project\"><img decoding=\"async\" src=\"https:\/\/odakplanlama.com\/wp-content\/uploads\/2025\/03\/bigshop2.webp\"  class=\"img-fluid\" alt=\"\" \/><div class=\"desc\"><div class=\"con\"><h3>GEBZE - BIGSHOP BUSINESS CENTER and PETROL STATION ARCHITECTURAL PROJECT<\/h3><span><span class=\"cat-divider\">Architectural Projects  <\/span><\/span><\/div><\/div><\/div><\/a><\/div><div class=\"col-md-6 animate-box\" data-animate-effect=\"fadeInLeft\"><a href=\"https:\/\/odakplanlama.com\/en\/portfolio\/cekmekoy-alemdag-resadiye-konut-mimari-projesi\/\" class=\"desc\"><div class=\"project\"><img decoding=\"async\" src=\"https:\/\/odakplanlama.com\/wp-content\/uploads\/2025\/03\/resadiyekonut2.webp\"  class=\"img-fluid\" alt=\"\" \/><div class=\"desc\"><div class=\"con\"><h3>\u00c7EKMEK\u00d6Y, ALEMDA\u011e, RE\u015eAD\u0130YE HOUSE ARCHITECTURAL PROJECT<\/h3><span><span class=\"cat-divider\">Architectural Projects  <\/span><\/span><\/div><\/div><\/div><\/a><\/div><div class=\"col-md-6 animate-box\" data-animate-effect=\"fadeInLeft\"><a href=\"https:\/\/odakplanlama.com\/en\/portfolio\/eksioglu-besyildiz-toplu-konut-projesi-mimari-projeler-cekmekoy\/\" class=\"desc\"><div class=\"project\"><img decoding=\"async\" src=\"https:\/\/odakplanlama.com\/wp-content\/uploads\/2025\/03\/eksioglucekmekoy1.webp\"  class=\"img-fluid\" alt=\"\" \/><div class=\"desc\"><div class=\"con\"><h3>EK\u015e\u0130O\u011eLU BE\u015eYILDIZ MASS HOUSING ARCHITECTURAL PROJECTS \u00c7EKMEK\u00d6Y<\/h3><span><span class=\"cat-divider\">Architectural Projects  <\/span><\/span><\/div><\/div><\/div><\/a><\/div><div class=\"col-md-6 animate-box\" data-animate-effect=\"fadeInLeft\"><a href=\"https:\/\/odakplanlama.com\/en\/portfolio\/lalezar-konaklari-mimari-projeler-cekmekoy\/\" class=\"desc\"><div class=\"project\"><img decoding=\"async\" src=\"https:\/\/odakplanlama.com\/wp-content\/uploads\/2025\/03\/lalezarkonaklari2.webp\"  class=\"img-fluid\" alt=\"\" \/><div class=\"desc\"><div class=\"con\"><h3>LALEZAR MANSIONS' ARCHITECTURAL PROJECTS - \u00c7EKMEK\u00d6Y<\/h3><span><span class=\"cat-divider\">Architectural Projects  <\/span><\/span><\/div><\/div><\/div><\/a><\/div><\/div><\/div><\/div><\/div><\/div><\/div><div class=\"clear\"><\/div>","protected":false},"excerpt":{"rendered":"Arsa Development plan of land, architectural projects, layout, structural, mechanical and electrical projects, management of project and construction had been made by our firm.","protected":false},"author":1,"featured_media":0,"parent":0,"menu_order":0,"comment_status":"closed","ping_status":"closed","template":"","meta":{"footnotes":"","_links_to":"","_links_to_target":""},"class_list":["post-107","page","type-page","status-publish","hentry"],"yoast_head":"<!-- This site is optimized with the Yoast SEO plugin v27.5 - https:\/\/yoast.com\/product\/yoast-seo-wordpress\/ -->\n<title>Mimari Projeler - Odak Mimarl\u0131k Planlama Dan\u0131\u015fmanl\u0131k<\/title>\n<meta name=\"description\" content=\"Mimari Projeler\" \/>\n<meta name=\"robots\" content=\"index, follow, max-snippet:-1, max-image-preview:large, max-video-preview:-1\" \/>\n<link rel=\"canonical\" href=\"https:\/\/odakplanlama.com\/en\/mimari-projeler\/\" \/>\n<meta property=\"og:locale\" content=\"en_US\" \/>\n<meta property=\"og:type\" content=\"article\" \/>\n<meta property=\"og:title\" content=\"Mimari Projeler - Odak Mimarl\u0131k Planlama Dan\u0131\u015fmanl\u0131k\" \/>\n<meta property=\"og:description\" content=\"Mimari Projeler\" \/>\n<meta property=\"og:url\" content=\"https:\/\/odakplanlama.com\/en\/mimari-projeler\/\" \/>\n<meta property=\"og:site_name\" content=\"Odak Mimarl\u0131k Planlama Dan\u0131\u015fmanl\u0131k\" \/>\n<meta property=\"article:modified_time\" content=\"2025-03-10T21:24:59+00:00\" \/>\n<meta name=\"twitter:card\" content=\"summary_large_image\" \/>\n<meta name=\"twitter:label1\" content=\"Est. reading time\" \/>\n\t<meta name=\"twitter:data1\" content=\"1 minute\" \/>\n<script type=\"application\/ld+json\" class=\"yoast-schema-graph\">{\"@context\":\"https:\\\/\\\/schema.org\",\"@graph\":[{\"@type\":\"WebPage\",\"@id\":\"https:\\\/\\\/odakplanlama.com\\\/mimari-projeler\\\/\",\"url\":\"https:\\\/\\\/odakplanlama.com\\\/mimari-projeler\\\/\",\"name\":\"Mimari Projeler - Odak Mimarl\u0131k Planlama Dan\u0131\u015fmanl\u0131k\",\"isPartOf\":{\"@id\":\"https:\\\/\\\/odakplanlama.com\\\/#website\"},\"datePublished\":\"2025-03-06T20:39:36+00:00\",\"dateModified\":\"2025-03-10T21:24:59+00:00\",\"description\":\"Mimari Projeler\",\"breadcrumb\":{\"@id\":\"https:\\\/\\\/odakplanlama.com\\\/mimari-projeler\\\/#breadcrumb\"},\"inLanguage\":\"en-US\",\"potentialAction\":[{\"@type\":\"ReadAction\",\"target\":[\"https:\\\/\\\/odakplanlama.com\\\/mimari-projeler\\\/\"]}]},{\"@type\":\"BreadcrumbList\",\"@id\":\"https:\\\/\\\/odakplanlama.com\\\/mimari-projeler\\\/#breadcrumb\",\"itemListElement\":[{\"@type\":\"ListItem\",\"position\":1,\"name\":\"Anasayfa\",\"item\":\"https:\\\/\\\/odakplanlama.com\\\/\"},{\"@type\":\"ListItem\",\"position\":2,\"name\":\"Mimari Projeler\"}]},{\"@type\":\"WebSite\",\"@id\":\"https:\\\/\\\/odakplanlama.com\\\/#website\",\"url\":\"https:\\\/\\\/odakplanlama.com\\\/\",\"name\":\"Odak Mimarl\u0131k Planlama Dan\u0131\u015fmanl\u0131k\",\"description\":\"\",\"publisher\":{\"@id\":\"https:\\\/\\\/odakplanlama.com\\\/#organization\"},\"potentialAction\":[{\"@type\":\"SearchAction\",\"target\":{\"@type\":\"EntryPoint\",\"urlTemplate\":\"https:\\\/\\\/odakplanlama.com\\\/?s={search_term_string}\"},\"query-input\":{\"@type\":\"PropertyValueSpecification\",\"valueRequired\":true,\"valueName\":\"search_term_string\"}}],\"inLanguage\":\"en-US\"},{\"@type\":\"Organization\",\"@id\":\"https:\\\/\\\/odakplanlama.com\\\/#organization\",\"name\":\"Odak Mimarl\u0131k Planlama Dan\u0131\u015fmanl\u0131k\",\"url\":\"https:\\\/\\\/odakplanlama.com\\\/\",\"logo\":{\"@type\":\"ImageObject\",\"inLanguage\":\"en-US\",\"@id\":\"https:\\\/\\\/odakplanlama.com\\\/#\\\/schema\\\/logo\\\/image\\\/\",\"url\":\"https:\\\/\\\/odakplanlama.com\\\/wp-content\\\/uploads\\\/2025\\\/03\\\/odaktr.png\",\"contentUrl\":\"https:\\\/\\\/odakplanlama.com\\\/wp-content\\\/uploads\\\/2025\\\/03\\\/odaktr.png\",\"width\":200,\"height\":83,\"caption\":\"Odak Mimarl\u0131k Planlama Dan\u0131\u015fmanl\u0131k\"},\"image\":{\"@id\":\"https:\\\/\\\/odakplanlama.com\\\/#\\\/schema\\\/logo\\\/image\\\/\"}}]}<\/script>\n<!-- \/ Yoast SEO plugin. -->","yoast_head_json":{"title":"Mimari Projeler - Odak Mimarl\u0131k Planlama Dan\u0131\u015fmanl\u0131k","description":"Architectural Projects","robots":{"index":"index","follow":"follow","max-snippet":"max-snippet:-1","max-image-preview":"max-image-preview:large","max-video-preview":"max-video-preview:-1"},"canonical":"https:\/\/odakplanlama.com\/en\/mimari-projeler\/","og_locale":"en_US","og_type":"article","og_title":"Mimari Projeler - Odak Mimarl\u0131k Planlama Dan\u0131\u015fmanl\u0131k","og_description":"Mimari Projeler","og_url":"https:\/\/odakplanlama.com\/en\/mimari-projeler\/","og_site_name":"Odak Mimarl\u0131k Planlama Dan\u0131\u015fmanl\u0131k","article_modified_time":"2025-03-10T21:24:59+00:00","twitter_card":"summary_large_image","twitter_misc":{"Est. reading time":"1 minute"},"schema":{"@context":"https:\/\/schema.org","@graph":[{"@type":"WebPage","@id":"https:\/\/odakplanlama.com\/mimari-projeler\/","url":"https:\/\/odakplanlama.com\/mimari-projeler\/","name":"Mimari Projeler - Odak Mimarl\u0131k Planlama Dan\u0131\u015fmanl\u0131k","isPartOf":{"@id":"https:\/\/odakplanlama.com\/#website"},"datePublished":"2025-03-06T20:39:36+00:00","dateModified":"2025-03-10T21:24:59+00:00","description":"Architectural Projects","breadcrumb":{"@id":"https:\/\/odakplanlama.com\/mimari-projeler\/#breadcrumb"},"inLanguage":"en-US","potentialAction":[{"@type":"ReadAction","target":["https:\/\/odakplanlama.com\/mimari-projeler\/"]}]},{"@type":"BreadcrumbList","@id":"https:\/\/odakplanlama.com\/mimari-projeler\/#breadcrumb","itemListElement":[{"@type":"ListItem","position":1,"name":"Anasayfa","item":"https:\/\/odakplanlama.com\/"},{"@type":"ListItem","position":2,"name":"Mimari Projeler"}]},{"@type":"WebSite","@id":"https:\/\/odakplanlama.com\/#website","url":"https:\/\/odakplanlama.com\/","name":"Odak Mimarl\u0131k Planlama Dan\u0131\u015fmanl\u0131k","description":"","publisher":{"@id":"https:\/\/odakplanlama.com\/#organization"},"potentialAction":[{"@type":"SearchAction","target":{"@type":"EntryPoint","urlTemplate":"https:\/\/odakplanlama.com\/?s={search_term_string}"},"query-input":{"@type":"PropertyValueSpecification","valueRequired":true,"valueName":"search_term_string"}}],"inLanguage":"en-US"},{"@type":"Organization","@id":"https:\/\/odakplanlama.com\/#organization","name":"Odak Mimarl\u0131k Planlama Dan\u0131\u015fmanl\u0131k","url":"https:\/\/odakplanlama.com\/","logo":{"@type":"ImageObject","inLanguage":"en-US","@id":"https:\/\/odakplanlama.com\/#\/schema\/logo\/image\/","url":"https:\/\/odakplanlama.com\/wp-content\/uploads\/2025\/03\/odaktr.png","contentUrl":"https:\/\/odakplanlama.com\/wp-content\/uploads\/2025\/03\/odaktr.png","width":200,"height":83,"caption":"Odak Mimarl\u0131k Planlama Dan\u0131\u015fmanl\u0131k"},"image":{"@id":"https:\/\/odakplanlama.com\/#\/schema\/logo\/image\/"}}]}},"_links":{"self":[{"href":"https:\/\/odakplanlama.com\/en\/wp-json\/wp\/v2\/pages\/107","targetHints":{"allow":["GET"]}}],"collection":[{"href":"https:\/\/odakplanlama.com\/en\/wp-json\/wp\/v2\/pages"}],"about":[{"href":"https:\/\/odakplanlama.com\/en\/wp-json\/wp\/v2\/types\/page"}],"author":[{"embeddable":true,"href":"https:\/\/odakplanlama.com\/en\/wp-json\/wp\/v2\/users\/1"}],"replies":[{"embeddable":true,"href":"https:\/\/odakplanlama.com\/en\/wp-json\/wp\/v2\/comments?post=107"}],"version-history":[{"count":1,"href":"https:\/\/odakplanlama.com\/en\/wp-json\/wp\/v2\/pages\/107\/revisions"}],"predecessor-version":[{"id":108,"href":"https:\/\/odakplanlama.com\/en\/wp-json\/wp\/v2\/pages\/107\/revisions\/108"}],"wp:attachment":[{"href":"https:\/\/odakplanlama.com\/en\/wp-json\/wp\/v2\/media?parent=107"}],"curies":[{"name":"wp","href":"https:\/\/api.w.org\/{rel}","templated":true}]}}