{"id":11,"date":"2025-03-04T19:18:05","date_gmt":"2025-03-04T16:18:05","guid":{"rendered":"https:\/\/emeks.com.tr\/?page_id=11"},"modified":"2025-03-11T00:21:20","modified_gmt":"2025-03-10T21:21:20","slug":"emeks-mimarlik-planlama-danismanlik","status":"publish","type":"page","link":"https:\/\/odakplanlama.com\/en\/","title":{"rendered":"Home Page"},"content":{"rendered":"<div class=\"clear\"><\/div><div class=\"blank-section\"><div class=\"wpb_column vc_column_container vc_col-sm-12\"><div class=\"vc_column-inner\"><div class=\"wpb_wrapper\"><div class=\"sec-slider\" ><aside id=\"doro-hero\" class=\"js-fullheight\"><div class=\"flexslider js-fullheight\" data-slider-speed=\"3000\" data-slider-slideshow=\"true\"><ul class=\"slides\"><li style=\"background-image: url(https:\/\/odakplanlama.com\/wp-content\/uploads\/2025\/03\/akasya1-scaled.webp);\"><div class=\"overlay\"><\/div><div class=\"container-fluid\"><div class=\"row\"><div class=\"col-md-12 js-fullheight slider-text\"><div class=\"slider-text-inner\"><div class=\"desc\"><\/div><\/div><\/div><\/div><\/div><\/li><li style=\"background-image: url(https:\/\/odakplanlama.com\/wp-content\/uploads\/2025\/03\/akasya-scaled.webp);\"><div class=\"overlay\"><\/div><div class=\"container-fluid\"><div class=\"row\"><div class=\"col-md-12 js-fullheight slider-text\"><div class=\"slider-text-inner\"><div class=\"desc\"><\/div><\/div><\/div><\/div><\/div><\/li><li style=\"background-image: url(https:\/\/odakplanlama.com\/wp-content\/uploads\/2025\/03\/ticariofis-scaled.webp);\"><div class=\"overlay\"><\/div><div class=\"container-fluid\"><div class=\"row\"><div class=\"col-md-12 js-fullheight slider-text\"><div class=\"slider-text-inner\"><div class=\"desc\"><\/div><\/div><\/div><\/div><\/div><\/li><li style=\"background-image: url(https:\/\/odakplanlama.com\/wp-content\/uploads\/2025\/03\/agalojistik-scaled.webp);\"><div class=\"overlay\"><\/div><div class=\"container-fluid\"><div class=\"row\"><div class=\"col-md-12 js-fullheight slider-text\"><div class=\"slider-text-inner\"><div class=\"desc\"><\/div><\/div><\/div><\/div><\/div><\/li><\/ul><\/div><\/aside><\/div><\/div><\/div><\/div><\/div><div class=\"clear\"><\/div>","protected":false},"excerpt":{"rendered":"","protected":false},"author":1,"featured_media":0,"parent":0,"menu_order":0,"comment_status":"closed","ping_status":"closed","template":"","meta":{"footnotes":"","_links_to":"","_links_to_target":""},"class_list":["post-11","page","type-page","status-publish","hentry"],"yoast_head":"<!-- This site is optimized with the Yoast SEO plugin v27.3 - https:\/\/yoast.com\/product\/yoast-seo-wordpress\/ -->\n<title>Ana Sayfa - Odak Mimarl\u0131k Planlama Dan\u0131\u015fmanl\u0131k<\/title>\n<meta name=\"description\" content=\"Mimari Projeler, Harita ve Planlama \u00c7al\u0131\u015fmalar\u0131, Planlama ve dan\u0131\u015fmanl\u0131k, \u0130n\u015faat i\u015fleri\" \/>\n<meta name=\"robots\" content=\"index, follow, max-snippet:-1, max-image-preview:large, max-video-preview:-1\" \/>\n<link rel=\"canonical\" href=\"https:\/\/odakplanlama.com\/en\/\" \/>\n<meta property=\"og:locale\" content=\"en_US\" \/>\n<meta property=\"og:type\" content=\"article\" \/>\n<meta property=\"og:title\" content=\"Ana Sayfa - Odak Mimarl\u0131k Planlama Dan\u0131\u015fmanl\u0131k\" \/>\n<meta property=\"og:description\" content=\"Mimari Projeler, Harita ve Planlama \u00c7al\u0131\u015fmalar\u0131, Planlama ve dan\u0131\u015fmanl\u0131k, \u0130n\u015faat i\u015fleri\" \/>\n<meta property=\"og:url\" content=\"https:\/\/odakplanlama.com\/en\/\" \/>\n<meta property=\"og:site_name\" content=\"Odak Mimarl\u0131k Planlama Dan\u0131\u015fmanl\u0131k\" \/>\n<meta property=\"article:modified_time\" content=\"2025-03-10T21:21:20+00:00\" \/>\n<meta name=\"twitter:card\" content=\"summary_large_image\" \/>\n<meta name=\"twitter:label1\" content=\"Est. reading time\" \/>\n\t<meta name=\"twitter:data1\" content=\"1 minute\" \/>\n<script type=\"application\/ld+json\" class=\"yoast-schema-graph\">{\"@context\":\"https:\\\/\\\/schema.org\",\"@graph\":[{\"@type\":\"WebPage\",\"@id\":\"https:\\\/\\\/odakplanlama.com\\\/\",\"url\":\"https:\\\/\\\/odakplanlama.com\\\/\",\"name\":\"Ana Sayfa - Odak Mimarl\u0131k Planlama Dan\u0131\u015fmanl\u0131k\",\"isPartOf\":{\"@id\":\"https:\\\/\\\/odakplanlama.com\\\/#website\"},\"datePublished\":\"2025-03-04T16:18:05+00:00\",\"dateModified\":\"2025-03-10T21:21:20+00:00\",\"description\":\"Mimari Projeler, Harita ve Planlama \u00c7al\u0131\u015fmalar\u0131, Planlama ve dan\u0131\u015fmanl\u0131k, \u0130n\u015faat i\u015fleri\",\"breadcrumb\":{\"@id\":\"https:\\\/\\\/odakplanlama.com\\\/#breadcrumb\"},\"inLanguage\":\"en-US\",\"potentialAction\":[{\"@type\":\"ReadAction\",\"target\":[\"https:\\\/\\\/odakplanlama.com\\\/\"]}]},{\"@type\":\"BreadcrumbList\",\"@id\":\"https:\\\/\\\/odakplanlama.com\\\/#breadcrumb\",\"itemListElement\":[{\"@type\":\"ListItem\",\"position\":1,\"name\":\"Anasayfa\",\"item\":\"https:\\\/\\\/odakplanlama.com\\\/\"},{\"@type\":\"ListItem\",\"position\":2,\"name\":\"Ana Sayfa\"}]},{\"@type\":\"WebSite\",\"@id\":\"https:\\\/\\\/odakplanlama.com\\\/#website\",\"url\":\"https:\\\/\\\/odakplanlama.com\\\/\",\"name\":\"Odak Mimarl\u0131k Planlama Dan\u0131\u015fmanl\u0131k\",\"description\":\"\",\"publisher\":{\"@id\":\"https:\\\/\\\/odakplanlama.com\\\/#organization\"},\"potentialAction\":[{\"@type\":\"SearchAction\",\"target\":{\"@type\":\"EntryPoint\",\"urlTemplate\":\"https:\\\/\\\/odakplanlama.com\\\/?s={search_term_string}\"},\"query-input\":{\"@type\":\"PropertyValueSpecification\",\"valueRequired\":true,\"valueName\":\"search_term_string\"}}],\"inLanguage\":\"en-US\"},{\"@type\":\"Organization\",\"@id\":\"https:\\\/\\\/odakplanlama.com\\\/#organization\",\"name\":\"Odak Mimarl\u0131k Planlama Dan\u0131\u015fmanl\u0131k\",\"url\":\"https:\\\/\\\/odakplanlama.com\\\/\",\"logo\":{\"@type\":\"ImageObject\",\"inLanguage\":\"en-US\",\"@id\":\"https:\\\/\\\/odakplanlama.com\\\/#\\\/schema\\\/logo\\\/image\\\/\",\"url\":\"https:\\\/\\\/odakplanlama.com\\\/wp-content\\\/uploads\\\/2025\\\/03\\\/odaktr.png\",\"contentUrl\":\"https:\\\/\\\/odakplanlama.com\\\/wp-content\\\/uploads\\\/2025\\\/03\\\/odaktr.png\",\"width\":200,\"height\":83,\"caption\":\"Odak Mimarl\u0131k Planlama Dan\u0131\u015fmanl\u0131k\"},\"image\":{\"@id\":\"https:\\\/\\\/odakplanlama.com\\\/#\\\/schema\\\/logo\\\/image\\\/\"}}]}<\/script>\n<!-- \/ Yoast SEO plugin. -->","yoast_head_json":{"title":"Ana Sayfa - Odak Mimarl\u0131k Planlama Dan\u0131\u015fmanl\u0131k","description":"Mimari Projeler, Harita ve Planlama \u00c7al\u0131\u015fmalar\u0131, Planlama ve dan\u0131\u015fmanl\u0131k, \u0130n\u015faat i\u015fleri","robots":{"index":"index","follow":"follow","max-snippet":"max-snippet:-1","max-image-preview":"max-image-preview:large","max-video-preview":"max-video-preview:-1"},"canonical":"https:\/\/odakplanlama.com\/en\/","og_locale":"en_US","og_type":"article","og_title":"Ana Sayfa - Odak Mimarl\u0131k Planlama Dan\u0131\u015fmanl\u0131k","og_description":"Mimari Projeler, Harita ve Planlama \u00c7al\u0131\u015fmalar\u0131, Planlama ve dan\u0131\u015fmanl\u0131k, \u0130n\u015faat i\u015fleri","og_url":"https:\/\/odakplanlama.com\/en\/","og_site_name":"Odak Mimarl\u0131k Planlama Dan\u0131\u015fmanl\u0131k","article_modified_time":"2025-03-10T21:21:20+00:00","twitter_card":"summary_large_image","twitter_misc":{"Est. reading time":"1 minute"},"schema":{"@context":"https:\/\/schema.org","@graph":[{"@type":"WebPage","@id":"https:\/\/odakplanlama.com\/","url":"https:\/\/odakplanlama.com\/","name":"Ana Sayfa - Odak Mimarl\u0131k Planlama Dan\u0131\u015fmanl\u0131k","isPartOf":{"@id":"https:\/\/odakplanlama.com\/#website"},"datePublished":"2025-03-04T16:18:05+00:00","dateModified":"2025-03-10T21:21:20+00:00","description":"Mimari Projeler, Harita ve Planlama \u00c7al\u0131\u015fmalar\u0131, Planlama ve dan\u0131\u015fmanl\u0131k, \u0130n\u015faat i\u015fleri","breadcrumb":{"@id":"https:\/\/odakplanlama.com\/#breadcrumb"},"inLanguage":"en-US","potentialAction":[{"@type":"ReadAction","target":["https:\/\/odakplanlama.com\/"]}]},{"@type":"BreadcrumbList","@id":"https:\/\/odakplanlama.com\/#breadcrumb","itemListElement":[{"@type":"ListItem","position":1,"name":"Anasayfa","item":"https:\/\/odakplanlama.com\/"},{"@type":"ListItem","position":2,"name":"Ana Sayfa"}]},{"@type":"WebSite","@id":"https:\/\/odakplanlama.com\/#website","url":"https:\/\/odakplanlama.com\/","name":"Odak Mimarl\u0131k Planlama Dan\u0131\u015fmanl\u0131k","description":"","publisher":{"@id":"https:\/\/odakplanlama.com\/#organization"},"potentialAction":[{"@type":"SearchAction","target":{"@type":"EntryPoint","urlTemplate":"https:\/\/odakplanlama.com\/?s={search_term_string}"},"query-input":{"@type":"PropertyValueSpecification","valueRequired":true,"valueName":"search_term_string"}}],"inLanguage":"en-US"},{"@type":"Organization","@id":"https:\/\/odakplanlama.com\/#organization","name":"Odak Mimarl\u0131k Planlama Dan\u0131\u015fmanl\u0131k","url":"https:\/\/odakplanlama.com\/","logo":{"@type":"ImageObject","inLanguage":"en-US","@id":"https:\/\/odakplanlama.com\/#\/schema\/logo\/image\/","url":"https:\/\/odakplanlama.com\/wp-content\/uploads\/2025\/03\/odaktr.png","contentUrl":"https:\/\/odakplanlama.com\/wp-content\/uploads\/2025\/03\/odaktr.png","width":200,"height":83,"caption":"Odak Mimarl\u0131k Planlama Dan\u0131\u015fmanl\u0131k"},"image":{"@id":"https:\/\/odakplanlama.com\/#\/schema\/logo\/image\/"}}]}},"_links":{"self":[{"href":"https:\/\/odakplanlama.com\/en\/wp-json\/wp\/v2\/pages\/11","targetHints":{"allow":["GET"]}}],"collection":[{"href":"https:\/\/odakplanlama.com\/en\/wp-json\/wp\/v2\/pages"}],"about":[{"href":"https:\/\/odakplanlama.com\/en\/wp-json\/wp\/v2\/types\/page"}],"author":[{"embeddable":true,"href":"https:\/\/odakplanlama.com\/en\/wp-json\/wp\/v2\/users\/1"}],"replies":[{"embeddable":true,"href":"https:\/\/odakplanlama.com\/en\/wp-json\/wp\/v2\/comments?post=11"}],"version-history":[{"count":8,"href":"https:\/\/odakplanlama.com\/en\/wp-json\/wp\/v2\/pages\/11\/revisions"}],"predecessor-version":[{"id":38,"href":"https:\/\/odakplanlama.com\/en\/wp-json\/wp\/v2\/pages\/11\/revisions\/38"}],"wp:attachment":[{"href":"https:\/\/odakplanlama.com\/en\/wp-json\/wp\/v2\/media?parent=11"}],"curies":[{"name":"wp","href":"https:\/\/api.w.org\/{rel}","templated":true}]}}