{"id":123,"date":"2025-03-07T01:01:31","date_gmt":"2025-03-06T22:01:31","guid":{"rendered":"https:\/\/emeks.com.tr\/?page_id=123"},"modified":"2025-03-11T16:14:16","modified_gmt":"2025-03-11T13:14:16","slug":"iletisim","status":"publish","type":"page","link":"https:\/\/odakplanlama.com\/en\/iletisim\/","title":{"rendered":"Contact"},"content":{"rendered":"<div class=\"clear\"><\/div><div class=\"blank-section\"><div class=\"wpb_column vc_column_container vc_col-sm-12\"><div class=\"vc_column-inner\"><div class=\"wpb_wrapper\"><div class=\"wpb_gmaps_widget wpb_content_element\"><div class=\"wpb_wrapper\"><div class=\"wpb_map_wraper\"><iframe src=\"https:\/\/www.google.com\/maps\/embed?pb=!1m26!1m12!1m3!1d188.24021676045618!2d29.036603282882297!3d40.98490832272202!2m3!1f0!2f0!3f0!3m2!1i1024!2i768!4f13.1!4m11!3e2!4m3!3m2!1d40.984805!2d29.036558099999997!4m5!1s0x14cab87b04e7e39f%3A0xfbfdceb1ce763bfc!2zUsSxZmF0IEJleSBTay4gTm86MTgsIFrDvGh0w7xwYcWfYSwgMzQ3MjQgS2FkxLFrw7Z5L8Swc3RhbmJ1bCwgVMO8cmtpeWU!3m2!1d40.9848889!2d29.036615599999998!5e0!3m2!1str!2sus!4v1741298973777!5m2!1str!2sus\" width=\"600\" height=\"450\" style=\"border:0;\" allowfullscreen=\"\" loading=\"lazy\" referrerpolicy=\"no-referrer-when-downgrade\"><\/iframe><\/div><\/div><\/div><div class=\"vc_empty_space\"   style=\"height: 52px\"><span class=\"vc_empty_space_inner\"><\/span><\/div><\/div><\/div><\/div><\/div><div class=\"clear\"><\/div><div class=\"clear\"><\/div><div class=\"blank-section\"><div class=\"wpb_column vc_column_container vc_col-sm-4\"><div class=\"vc_column-inner\"><div class=\"wpb_wrapper\"><div class=\"sec-icon\" style=\"\"><div class=\"doro-feature animate-box\" data-animate-effect=\"fadeInLeft\"><div class=\"doro-icon\"> <span class=\"fas fa-map-marked-alt font-35px\" style=\"\"><\/span> <\/div><div class=\"doro-text\"><h3 style=\"\">Address<\/h3><p>Z\u00fcht\u00fcpa\u015fa Mah. Recep Peker Cd. R\u0131fatbey Sk. No.18 K\u0131z\u0131ltoprak Kad\u0131k\u00f6y | \u0130STANBUL<\/p><\/div><\/div><\/div><\/div><\/div><\/div><div class=\"wpb_column vc_column_container vc_col-sm-4\"><div class=\"vc_column-inner\"><div class=\"wpb_wrapper\"><div class=\"sec-icon\" style=\"\"><div class=\"doro-feature animate-box\" data-animate-effect=\"fadeInLeft\"><div class=\"doro-icon\"> <span class=\"fas fa-phone-square font-35px\" style=\"\"><\/span> <\/div><div class=\"doro-text\"><h3 style=\"\">Telephone<\/h3><p>+90 216 347 8862<\/p><\/div><\/div><\/div><div class=\"sec-icon\" style=\"\"><div class=\"doro-feature animate-box\" data-animate-effect=\"fadeInLeft\"><div class=\"doro-icon\"> <span class=\"fas fa-fax font-35px\" style=\"\"><\/span> <\/div><div class=\"doro-text\"><h3 style=\"\">Fax<\/h3><p>+90 216 348 2929<\/p><\/div><\/div><\/div><\/div><\/div><\/div><div class=\"wpb_column vc_column_container vc_col-sm-4\"><div class=\"vc_column-inner\"><div class=\"wpb_wrapper\"><div class=\"sec-icon\" style=\"\"><div class=\"doro-feature animate-box\" data-animate-effect=\"fadeInLeft\"><div class=\"doro-icon\"> <span class=\"fas fa-envelope font-35px\" style=\"\"><\/span> <\/div><div class=\"doro-text\"><h3 style=\"\">e-mail<\/h3><p>info@odakplanlama.com<\/p><\/div><\/div><\/div><\/div><\/div><\/div><\/div><div class=\"clear\"><\/div>","protected":false},"excerpt":{"rendered":"AdresZ\u00fcht\u00fcpa\u015fa Mah. Recep Peker Cd. R\u0131fatbey Sk. No.18 K\u0131z\u0131ltoprak Kad\u0131k\u00f6y | \u0130STANBUL Telefon+90 216 347 8862 Fax+90 216 348 2929 e-mailinfo@odakplanlama.com","protected":false},"author":1,"featured_media":0,"parent":0,"menu_order":0,"comment_status":"closed","ping_status":"closed","template":"","meta":{"footnotes":"","_links_to":"","_links_to_target":""},"class_list":["post-123","page","type-page","status-publish","hentry"],"yoast_head":"<!-- This site is optimized with the Yoast SEO plugin v27.5 - https:\/\/yoast.com\/product\/yoast-seo-wordpress\/ -->\n<title>\u0130leti\u015fim - Odak Mimarl\u0131k Planlama Dan\u0131\u015fmanl\u0131k<\/title>\n<meta name=\"description\" content=\"Z\u00fcht\u00fcpa\u015fa Mah. Recep Peker Cd. R\u0131fatbey Sk. No.18 K\u0131z\u0131ltoprak Kad\u0131k\u00f6y | \u0130STANBUL\" \/>\n<meta name=\"robots\" content=\"index, follow, max-snippet:-1, max-image-preview:large, max-video-preview:-1\" \/>\n<link rel=\"canonical\" href=\"https:\/\/odakplanlama.com\/en\/iletisim\/\" \/>\n<meta property=\"og:locale\" content=\"en_US\" \/>\n<meta property=\"og:type\" content=\"article\" \/>\n<meta property=\"og:title\" content=\"\u0130leti\u015fim - Odak Mimarl\u0131k Planlama Dan\u0131\u015fmanl\u0131k\" \/>\n<meta property=\"og:description\" content=\"Z\u00fcht\u00fcpa\u015fa Mah. Recep Peker Cd. R\u0131fatbey Sk. No.18 K\u0131z\u0131ltoprak Kad\u0131k\u00f6y | \u0130STANBUL\" \/>\n<meta property=\"og:url\" content=\"https:\/\/odakplanlama.com\/en\/iletisim\/\" \/>\n<meta property=\"og:site_name\" content=\"Odak Mimarl\u0131k Planlama Dan\u0131\u015fmanl\u0131k\" \/>\n<meta property=\"article:modified_time\" content=\"2025-03-11T13:14:16+00:00\" \/>\n<meta name=\"twitter:card\" content=\"summary_large_image\" \/>\n<meta name=\"twitter:label1\" content=\"Est. reading time\" \/>\n\t<meta name=\"twitter:data1\" content=\"1 minute\" \/>\n<script type=\"application\/ld+json\" class=\"yoast-schema-graph\">{\"@context\":\"https:\\\/\\\/schema.org\",\"@graph\":[{\"@type\":\"WebPage\",\"@id\":\"https:\\\/\\\/odakplanlama.com\\\/iletisim\\\/\",\"url\":\"https:\\\/\\\/odakplanlama.com\\\/iletisim\\\/\",\"name\":\"\u0130leti\u015fim - Odak Mimarl\u0131k Planlama Dan\u0131\u015fmanl\u0131k\",\"isPartOf\":{\"@id\":\"https:\\\/\\\/odakplanlama.com\\\/#website\"},\"datePublished\":\"2025-03-06T22:01:31+00:00\",\"dateModified\":\"2025-03-11T13:14:16+00:00\",\"description\":\"Z\u00fcht\u00fcpa\u015fa Mah. Recep Peker Cd. R\u0131fatbey Sk. No.18 K\u0131z\u0131ltoprak Kad\u0131k\u00f6y | \u0130STANBUL\",\"breadcrumb\":{\"@id\":\"https:\\\/\\\/odakplanlama.com\\\/iletisim\\\/#breadcrumb\"},\"inLanguage\":\"en-US\",\"potentialAction\":[{\"@type\":\"ReadAction\",\"target\":[\"https:\\\/\\\/odakplanlama.com\\\/iletisim\\\/\"]}]},{\"@type\":\"BreadcrumbList\",\"@id\":\"https:\\\/\\\/odakplanlama.com\\\/iletisim\\\/#breadcrumb\",\"itemListElement\":[{\"@type\":\"ListItem\",\"position\":1,\"name\":\"Anasayfa\",\"item\":\"https:\\\/\\\/odakplanlama.com\\\/\"},{\"@type\":\"ListItem\",\"position\":2,\"name\":\"\u0130leti\u015fim\"}]},{\"@type\":\"WebSite\",\"@id\":\"https:\\\/\\\/odakplanlama.com\\\/#website\",\"url\":\"https:\\\/\\\/odakplanlama.com\\\/\",\"name\":\"Odak Mimarl\u0131k Planlama Dan\u0131\u015fmanl\u0131k\",\"description\":\"\",\"publisher\":{\"@id\":\"https:\\\/\\\/odakplanlama.com\\\/#organization\"},\"potentialAction\":[{\"@type\":\"SearchAction\",\"target\":{\"@type\":\"EntryPoint\",\"urlTemplate\":\"https:\\\/\\\/odakplanlama.com\\\/?s={search_term_string}\"},\"query-input\":{\"@type\":\"PropertyValueSpecification\",\"valueRequired\":true,\"valueName\":\"search_term_string\"}}],\"inLanguage\":\"en-US\"},{\"@type\":\"Organization\",\"@id\":\"https:\\\/\\\/odakplanlama.com\\\/#organization\",\"name\":\"Odak Mimarl\u0131k Planlama Dan\u0131\u015fmanl\u0131k\",\"url\":\"https:\\\/\\\/odakplanlama.com\\\/\",\"logo\":{\"@type\":\"ImageObject\",\"inLanguage\":\"en-US\",\"@id\":\"https:\\\/\\\/odakplanlama.com\\\/#\\\/schema\\\/logo\\\/image\\\/\",\"url\":\"https:\\\/\\\/odakplanlama.com\\\/wp-content\\\/uploads\\\/2025\\\/03\\\/odaktr.png\",\"contentUrl\":\"https:\\\/\\\/odakplanlama.com\\\/wp-content\\\/uploads\\\/2025\\\/03\\\/odaktr.png\",\"width\":200,\"height\":83,\"caption\":\"Odak Mimarl\u0131k Planlama Dan\u0131\u015fmanl\u0131k\"},\"image\":{\"@id\":\"https:\\\/\\\/odakplanlama.com\\\/#\\\/schema\\\/logo\\\/image\\\/\"}}]}<\/script>\n<!-- \/ Yoast SEO plugin. -->","yoast_head_json":{"title":"\u0130leti\u015fim - Odak Mimarl\u0131k Planlama Dan\u0131\u015fmanl\u0131k","description":"Z\u00fcht\u00fcpa\u015fa Mah. Recep Peker Cd. R\u0131fatbey Sk. No.18 K\u0131z\u0131ltoprak Kad\u0131k\u00f6y | \u0130STANBUL","robots":{"index":"index","follow":"follow","max-snippet":"max-snippet:-1","max-image-preview":"max-image-preview:large","max-video-preview":"max-video-preview:-1"},"canonical":"https:\/\/odakplanlama.com\/en\/iletisim\/","og_locale":"en_US","og_type":"article","og_title":"\u0130leti\u015fim - Odak Mimarl\u0131k Planlama Dan\u0131\u015fmanl\u0131k","og_description":"Z\u00fcht\u00fcpa\u015fa Mah. Recep Peker Cd. R\u0131fatbey Sk. No.18 K\u0131z\u0131ltoprak Kad\u0131k\u00f6y | \u0130STANBUL","og_url":"https:\/\/odakplanlama.com\/en\/iletisim\/","og_site_name":"Odak Mimarl\u0131k Planlama Dan\u0131\u015fmanl\u0131k","article_modified_time":"2025-03-11T13:14:16+00:00","twitter_card":"summary_large_image","twitter_misc":{"Est. reading time":"1 minute"},"schema":{"@context":"https:\/\/schema.org","@graph":[{"@type":"WebPage","@id":"https:\/\/odakplanlama.com\/iletisim\/","url":"https:\/\/odakplanlama.com\/iletisim\/","name":"\u0130leti\u015fim - Odak Mimarl\u0131k Planlama Dan\u0131\u015fmanl\u0131k","isPartOf":{"@id":"https:\/\/odakplanlama.com\/#website"},"datePublished":"2025-03-06T22:01:31+00:00","dateModified":"2025-03-11T13:14:16+00:00","description":"Z\u00fcht\u00fcpa\u015fa Mah. Recep Peker Cd. R\u0131fatbey Sk. No.18 K\u0131z\u0131ltoprak Kad\u0131k\u00f6y | \u0130STANBUL","breadcrumb":{"@id":"https:\/\/odakplanlama.com\/iletisim\/#breadcrumb"},"inLanguage":"en-US","potentialAction":[{"@type":"ReadAction","target":["https:\/\/odakplanlama.com\/iletisim\/"]}]},{"@type":"BreadcrumbList","@id":"https:\/\/odakplanlama.com\/iletisim\/#breadcrumb","itemListElement":[{"@type":"ListItem","position":1,"name":"Anasayfa","item":"https:\/\/odakplanlama.com\/"},{"@type":"ListItem","position":2,"name":"\u0130leti\u015fim"}]},{"@type":"WebSite","@id":"https:\/\/odakplanlama.com\/#website","url":"https:\/\/odakplanlama.com\/","name":"Odak Mimarl\u0131k Planlama Dan\u0131\u015fmanl\u0131k","description":"","publisher":{"@id":"https:\/\/odakplanlama.com\/#organization"},"potentialAction":[{"@type":"SearchAction","target":{"@type":"EntryPoint","urlTemplate":"https:\/\/odakplanlama.com\/?s={search_term_string}"},"query-input":{"@type":"PropertyValueSpecification","valueRequired":true,"valueName":"search_term_string"}}],"inLanguage":"en-US"},{"@type":"Organization","@id":"https:\/\/odakplanlama.com\/#organization","name":"Odak Mimarl\u0131k Planlama Dan\u0131\u015fmanl\u0131k","url":"https:\/\/odakplanlama.com\/","logo":{"@type":"ImageObject","inLanguage":"en-US","@id":"https:\/\/odakplanlama.com\/#\/schema\/logo\/image\/","url":"https:\/\/odakplanlama.com\/wp-content\/uploads\/2025\/03\/odaktr.png","contentUrl":"https:\/\/odakplanlama.com\/wp-content\/uploads\/2025\/03\/odaktr.png","width":200,"height":83,"caption":"Odak Mimarl\u0131k Planlama Dan\u0131\u015fmanl\u0131k"},"image":{"@id":"https:\/\/odakplanlama.com\/#\/schema\/logo\/image\/"}}]}},"_links":{"self":[{"href":"https:\/\/odakplanlama.com\/en\/wp-json\/wp\/v2\/pages\/123","targetHints":{"allow":["GET"]}}],"collection":[{"href":"https:\/\/odakplanlama.com\/en\/wp-json\/wp\/v2\/pages"}],"about":[{"href":"https:\/\/odakplanlama.com\/en\/wp-json\/wp\/v2\/types\/page"}],"author":[{"embeddable":true,"href":"https:\/\/odakplanlama.com\/en\/wp-json\/wp\/v2\/users\/1"}],"replies":[{"embeddable":true,"href":"https:\/\/odakplanlama.com\/en\/wp-json\/wp\/v2\/comments?post=123"}],"version-history":[{"count":23,"href":"https:\/\/odakplanlama.com\/en\/wp-json\/wp\/v2\/pages\/123\/revisions"}],"predecessor-version":[{"id":281,"href":"https:\/\/odakplanlama.com\/en\/wp-json\/wp\/v2\/pages\/123\/revisions\/281"}],"wp:attachment":[{"href":"https:\/\/odakplanlama.com\/en\/wp-json\/wp\/v2\/media?parent=123"}],"curies":[{"name":"wp","href":"https:\/\/api.w.org\/{rel}","templated":true}]}}