{"id":156,"date":"2025-03-10T17:46:11","date_gmt":"2025-03-10T14:46:11","guid":{"rendered":"https:\/\/emeks.com.tr\/?page_id=156"},"modified":"2025-03-11T00:23:28","modified_gmt":"2025-03-10T21:23:28","slug":"harita-ve-planlama","status":"publish","type":"page","link":"https:\/\/odakplanlama.com\/en\/harita-ve-planlama\/","title":{"rendered":"Mapping and Planning"},"content":{"rendered":"<div class=\"clear\"><\/div><div class=\"blank-section\"><div class=\"wpb_column vc_column_container vc_col-sm-12\"><div class=\"vc_column-inner\"><div class=\"wpb_wrapper\"><div class=\"sec-port-vc\"><div class=\"row\"><div class=\"col-md-6 animate-box\" data-animate-effect=\"fadeInLeft\"><a href=\"https:\/\/odakplanlama.com\/en\/portfolio\/istanbul-park-formula-1-konsept-gelistirme-kadastral-ve-halihazir-harita-yapimi\/\" class=\"desc\"><div class=\"project\"><img decoding=\"async\" src=\"https:\/\/odakplanlama.com\/wp-content\/uploads\/2025\/03\/istanbulpark2.webp\"  class=\"img-fluid\" alt=\"\" \/><div class=\"desc\"><div class=\"con\"><h3>\u0130STANBUL PARK (FORMULA -1) CONCEPT DEVELOPMENT, CADASTRAL AND TOPOGRAPHIC MAP<\/h3><span><span class=\"cat-divider\">Mapping and Planning  <\/span><\/span><\/div><\/div><\/div><\/a><\/div><div class=\"col-md-6 animate-box\" data-animate-effect=\"fadeInLeft\"><a href=\"https:\/\/odakplanlama.com\/en\/portfolio\/alemdag-beldesi-nisantepe-mah-imar-plani-ve-18-madde-imar-uygulamasi\/\" class=\"desc\"><div class=\"project\"><img decoding=\"async\" src=\"https:\/\/odakplanlama.com\/wp-content\/uploads\/2025\/03\/alemdagnisantepe1.webp\"  class=\"img-fluid\" alt=\"\" \/><div class=\"desc\"><div class=\"con\"><h3>ALEMDA\u011e MUNICIPALITY - N\u0130\u015eANTEPE DEVELOPMENT PLAN AND THE DEVELOPMENT APPLICATION OF LAW NO.18<\/h3><span><span class=\"cat-divider\">Mapping and Planning  <\/span><\/span><\/div><\/div><\/div><\/a><\/div><\/div><\/div><\/div><\/div><\/div><\/div><div class=\"clear\"><\/div>","protected":false},"excerpt":{"rendered":"Alemdag\u0306, Nis\u0327antepe Mahallesi 18. Madde Uygulamas\u0131 taraf\u0131m\u0131zdan yap\u0131lm\u0131s\u0327 ve c\u0327al\u0131s\u0327ma bo\u0308lgenin gelis\u0327imini tetikleyerek c\u0327evresinde yeni projelerin gelis\u0327mesinde de etkili olmus\u0327tur. Belediye dan\u0131s\u0327manl\u0131g\u0306\u0131 ve kalk\u0131nma projesi...","protected":false},"author":1,"featured_media":0,"parent":0,"menu_order":0,"comment_status":"closed","ping_status":"closed","template":"","meta":{"footnotes":"","_links_to":"","_links_to_target":""},"class_list":["post-156","page","type-page","status-publish","hentry"],"yoast_head":"<!-- This site is optimized with the Yoast SEO plugin v27.5 - https:\/\/yoast.com\/product\/yoast-seo-wordpress\/ -->\n<title>Harita ve Planlama - Odak Mimarl\u0131k Planlama Dan\u0131\u015fmanl\u0131k<\/title>\n<meta name=\"description\" content=\"Harita ve Planlama\" \/>\n<meta name=\"robots\" content=\"index, follow, max-snippet:-1, max-image-preview:large, max-video-preview:-1\" \/>\n<link rel=\"canonical\" href=\"https:\/\/odakplanlama.com\/en\/harita-ve-planlama\/\" \/>\n<meta property=\"og:locale\" content=\"en_US\" \/>\n<meta property=\"og:type\" content=\"article\" \/>\n<meta property=\"og:title\" content=\"Harita ve Planlama - Odak Mimarl\u0131k Planlama Dan\u0131\u015fmanl\u0131k\" \/>\n<meta property=\"og:description\" content=\"Harita ve Planlama\" \/>\n<meta property=\"og:url\" content=\"https:\/\/odakplanlama.com\/en\/harita-ve-planlama\/\" \/>\n<meta property=\"og:site_name\" content=\"Odak Mimarl\u0131k Planlama Dan\u0131\u015fmanl\u0131k\" \/>\n<meta property=\"article:modified_time\" content=\"2025-03-10T21:23:28+00:00\" \/>\n<meta name=\"twitter:card\" content=\"summary_large_image\" \/>\n<meta name=\"twitter:label1\" content=\"Est. reading time\" \/>\n\t<meta name=\"twitter:data1\" content=\"1 minute\" \/>\n<script type=\"application\/ld+json\" class=\"yoast-schema-graph\">{\"@context\":\"https:\\\/\\\/schema.org\",\"@graph\":[{\"@type\":\"WebPage\",\"@id\":\"https:\\\/\\\/odakplanlama.com\\\/harita-ve-planlama\\\/\",\"url\":\"https:\\\/\\\/odakplanlama.com\\\/harita-ve-planlama\\\/\",\"name\":\"Harita ve Planlama - Odak Mimarl\u0131k Planlama Dan\u0131\u015fmanl\u0131k\",\"isPartOf\":{\"@id\":\"https:\\\/\\\/odakplanlama.com\\\/#website\"},\"datePublished\":\"2025-03-10T14:46:11+00:00\",\"dateModified\":\"2025-03-10T21:23:28+00:00\",\"description\":\"Harita ve Planlama\",\"breadcrumb\":{\"@id\":\"https:\\\/\\\/odakplanlama.com\\\/harita-ve-planlama\\\/#breadcrumb\"},\"inLanguage\":\"en-US\",\"potentialAction\":[{\"@type\":\"ReadAction\",\"target\":[\"https:\\\/\\\/odakplanlama.com\\\/harita-ve-planlama\\\/\"]}]},{\"@type\":\"BreadcrumbList\",\"@id\":\"https:\\\/\\\/odakplanlama.com\\\/harita-ve-planlama\\\/#breadcrumb\",\"itemListElement\":[{\"@type\":\"ListItem\",\"position\":1,\"name\":\"Anasayfa\",\"item\":\"https:\\\/\\\/odakplanlama.com\\\/\"},{\"@type\":\"ListItem\",\"position\":2,\"name\":\"Harita ve Planlama\"}]},{\"@type\":\"WebSite\",\"@id\":\"https:\\\/\\\/odakplanlama.com\\\/#website\",\"url\":\"https:\\\/\\\/odakplanlama.com\\\/\",\"name\":\"Odak Mimarl\u0131k Planlama Dan\u0131\u015fmanl\u0131k\",\"description\":\"\",\"publisher\":{\"@id\":\"https:\\\/\\\/odakplanlama.com\\\/#organization\"},\"potentialAction\":[{\"@type\":\"SearchAction\",\"target\":{\"@type\":\"EntryPoint\",\"urlTemplate\":\"https:\\\/\\\/odakplanlama.com\\\/?s={search_term_string}\"},\"query-input\":{\"@type\":\"PropertyValueSpecification\",\"valueRequired\":true,\"valueName\":\"search_term_string\"}}],\"inLanguage\":\"en-US\"},{\"@type\":\"Organization\",\"@id\":\"https:\\\/\\\/odakplanlama.com\\\/#organization\",\"name\":\"Odak Mimarl\u0131k Planlama Dan\u0131\u015fmanl\u0131k\",\"url\":\"https:\\\/\\\/odakplanlama.com\\\/\",\"logo\":{\"@type\":\"ImageObject\",\"inLanguage\":\"en-US\",\"@id\":\"https:\\\/\\\/odakplanlama.com\\\/#\\\/schema\\\/logo\\\/image\\\/\",\"url\":\"https:\\\/\\\/odakplanlama.com\\\/wp-content\\\/uploads\\\/2025\\\/03\\\/odaktr.png\",\"contentUrl\":\"https:\\\/\\\/odakplanlama.com\\\/wp-content\\\/uploads\\\/2025\\\/03\\\/odaktr.png\",\"width\":200,\"height\":83,\"caption\":\"Odak Mimarl\u0131k Planlama Dan\u0131\u015fmanl\u0131k\"},\"image\":{\"@id\":\"https:\\\/\\\/odakplanlama.com\\\/#\\\/schema\\\/logo\\\/image\\\/\"}}]}<\/script>\n<!-- \/ Yoast SEO plugin. -->","yoast_head_json":{"title":"Harita ve Planlama - Odak Mimarl\u0131k Planlama Dan\u0131\u015fmanl\u0131k","description":"Mapping and Planning","robots":{"index":"index","follow":"follow","max-snippet":"max-snippet:-1","max-image-preview":"max-image-preview:large","max-video-preview":"max-video-preview:-1"},"canonical":"https:\/\/odakplanlama.com\/en\/harita-ve-planlama\/","og_locale":"en_US","og_type":"article","og_title":"Harita ve Planlama - Odak Mimarl\u0131k Planlama Dan\u0131\u015fmanl\u0131k","og_description":"Harita ve Planlama","og_url":"https:\/\/odakplanlama.com\/en\/harita-ve-planlama\/","og_site_name":"Odak Mimarl\u0131k Planlama Dan\u0131\u015fmanl\u0131k","article_modified_time":"2025-03-10T21:23:28+00:00","twitter_card":"summary_large_image","twitter_misc":{"Est. reading time":"1 minute"},"schema":{"@context":"https:\/\/schema.org","@graph":[{"@type":"WebPage","@id":"https:\/\/odakplanlama.com\/harita-ve-planlama\/","url":"https:\/\/odakplanlama.com\/harita-ve-planlama\/","name":"Harita ve Planlama - Odak Mimarl\u0131k Planlama Dan\u0131\u015fmanl\u0131k","isPartOf":{"@id":"https:\/\/odakplanlama.com\/#website"},"datePublished":"2025-03-10T14:46:11+00:00","dateModified":"2025-03-10T21:23:28+00:00","description":"Mapping and Planning","breadcrumb":{"@id":"https:\/\/odakplanlama.com\/harita-ve-planlama\/#breadcrumb"},"inLanguage":"en-US","potentialAction":[{"@type":"ReadAction","target":["https:\/\/odakplanlama.com\/harita-ve-planlama\/"]}]},{"@type":"BreadcrumbList","@id":"https:\/\/odakplanlama.com\/harita-ve-planlama\/#breadcrumb","itemListElement":[{"@type":"ListItem","position":1,"name":"Anasayfa","item":"https:\/\/odakplanlama.com\/"},{"@type":"ListItem","position":2,"name":"Harita ve Planlama"}]},{"@type":"WebSite","@id":"https:\/\/odakplanlama.com\/#website","url":"https:\/\/odakplanlama.com\/","name":"Odak Mimarl\u0131k Planlama Dan\u0131\u015fmanl\u0131k","description":"","publisher":{"@id":"https:\/\/odakplanlama.com\/#organization"},"potentialAction":[{"@type":"SearchAction","target":{"@type":"EntryPoint","urlTemplate":"https:\/\/odakplanlama.com\/?s={search_term_string}"},"query-input":{"@type":"PropertyValueSpecification","valueRequired":true,"valueName":"search_term_string"}}],"inLanguage":"en-US"},{"@type":"Organization","@id":"https:\/\/odakplanlama.com\/#organization","name":"Odak Mimarl\u0131k Planlama Dan\u0131\u015fmanl\u0131k","url":"https:\/\/odakplanlama.com\/","logo":{"@type":"ImageObject","inLanguage":"en-US","@id":"https:\/\/odakplanlama.com\/#\/schema\/logo\/image\/","url":"https:\/\/odakplanlama.com\/wp-content\/uploads\/2025\/03\/odaktr.png","contentUrl":"https:\/\/odakplanlama.com\/wp-content\/uploads\/2025\/03\/odaktr.png","width":200,"height":83,"caption":"Odak Mimarl\u0131k Planlama Dan\u0131\u015fmanl\u0131k"},"image":{"@id":"https:\/\/odakplanlama.com\/#\/schema\/logo\/image\/"}}]}},"_links":{"self":[{"href":"https:\/\/odakplanlama.com\/en\/wp-json\/wp\/v2\/pages\/156","targetHints":{"allow":["GET"]}}],"collection":[{"href":"https:\/\/odakplanlama.com\/en\/wp-json\/wp\/v2\/pages"}],"about":[{"href":"https:\/\/odakplanlama.com\/en\/wp-json\/wp\/v2\/types\/page"}],"author":[{"embeddable":true,"href":"https:\/\/odakplanlama.com\/en\/wp-json\/wp\/v2\/users\/1"}],"replies":[{"embeddable":true,"href":"https:\/\/odakplanlama.com\/en\/wp-json\/wp\/v2\/comments?post=156"}],"version-history":[{"count":1,"href":"https:\/\/odakplanlama.com\/en\/wp-json\/wp\/v2\/pages\/156\/revisions"}],"predecessor-version":[{"id":157,"href":"https:\/\/odakplanlama.com\/en\/wp-json\/wp\/v2\/pages\/156\/revisions\/157"}],"wp:attachment":[{"href":"https:\/\/odakplanlama.com\/en\/wp-json\/wp\/v2\/media?parent=156"}],"curies":[{"name":"wp","href":"https:\/\/api.w.org\/{rel}","templated":true}]}}