{"id":158,"date":"2025-03-10T17:46:59","date_gmt":"2025-03-10T14:46:59","guid":{"rendered":"https:\/\/emeks.com.tr\/?page_id=158"},"modified":"2025-03-11T00:25:24","modified_gmt":"2025-03-10T21:25:24","slug":"planlama-ve-danismanlik","status":"publish","type":"page","link":"https:\/\/odakplanlama.com\/en\/planlama-ve-danismanlik\/","title":{"rendered":"Planning and Consulting"},"content":{"rendered":"<div class=\"clear\"><\/div><div class=\"blank-section\"><div class=\"wpb_column vc_column_container vc_col-sm-12\"><div class=\"vc_column-inner\"><div class=\"wpb_wrapper\"><div class=\"sec-port-vc\"><div class=\"row\"><div class=\"col-md-6 animate-box\" data-animate-effect=\"fadeInLeft\"><a href=\"https:\/\/odakplanlama.com\/en\/portfolio\/gebze-plastikciler-osb-revizyon-imar-plani\/\" class=\"desc\"><div class=\"project\"><img decoding=\"async\" src=\"https:\/\/odakplanlama.com\/wp-content\/uploads\/2025\/03\/gebzeplastikcilerosb1.webp\"  class=\"img-fluid\" alt=\"\" \/><div class=\"desc\"><div class=\"con\"><h3>GEBZE - PLASTICS MANUFACTURERS OSB REVISION OF DEVELOPMENT PLAN<\/h3><span><span class=\"cat-divider\">Planning and Consulting  <\/span><\/span><\/div><\/div><\/div><\/a><\/div><div class=\"col-md-6 animate-box\" data-animate-effect=\"fadeInLeft\"><a href=\"https:\/\/odakplanlama.com\/en\/portfolio\/gebze-guzeller-osb-revizyon-imar-plani\/\" class=\"desc\"><div class=\"project\"><img decoding=\"async\" src=\"https:\/\/odakplanlama.com\/wp-content\/uploads\/2025\/03\/gebzeguzellerosb1-1.webp\"  class=\"img-fluid\" alt=\"\" \/><div class=\"desc\"><div class=\"con\"><h3>GEBZE - G\u00dcZELLER OSB REVISION OF DEVELOPMENT PLAN<\/h3><span><span class=\"cat-divider\">Planning and Consulting  <\/span><\/span><\/div><\/div><\/div><\/a><\/div><div class=\"col-md-6 animate-box\" data-animate-effect=\"fadeInLeft\"><a href=\"https:\/\/odakplanlama.com\/en\/portfolio\/fethiye-oludeniz-babadag-teleferik-projesi\/\" class=\"desc\"><div class=\"project\"><img decoding=\"async\" src=\"https:\/\/odakplanlama.com\/wp-content\/uploads\/2025\/03\/fethiyebabadag1.webp\"  class=\"img-fluid\" alt=\"\" \/><div class=\"desc\"><div class=\"con\"><h3>FETH\u0130YE, \u00d6L\u00dcDEN\u0130Z, BABADA\u011e CABLE CAR PROJECT<\/h3><span><span class=\"cat-divider\">Planning and Consulting  <\/span><\/span><\/div><\/div><\/div><\/a><\/div><div class=\"col-md-6 animate-box\" data-animate-effect=\"fadeInLeft\"><a href=\"https:\/\/odakplanlama.com\/en\/portfolio\/sinpas-yapi-insaat-central-life\/\" class=\"desc\"><div class=\"project\"><img decoding=\"async\" src=\"https:\/\/odakplanlama.com\/wp-content\/uploads\/2025\/03\/sinpascentrallife1.webp\"  class=\"img-fluid\" alt=\"\" \/><div class=\"desc\"><div class=\"con\"><h3>S\u0130NPA\u015e CONSTRUCTION CENTRAL LIFE<\/h3><span><span class=\"cat-divider\">Planning and Consulting  <\/span><\/span><\/div><\/div><\/div><\/a><\/div><div class=\"col-md-6 animate-box\" data-animate-effect=\"fadeInLeft\"><a href=\"https:\/\/odakplanlama.com\/en\/portfolio\/sinpas-yapi-insaat-aqua-city\/\" class=\"desc\"><div class=\"project\"><img decoding=\"async\" src=\"https:\/\/odakplanlama.com\/wp-content\/uploads\/2025\/03\/sinpasaquacity1.webp\"  class=\"img-fluid\" alt=\"\" \/><div class=\"desc\"><div class=\"con\"><h3>S\u0130NPA\u015e CONSTRUCTION AQUA CITY<\/h3><span><span class=\"cat-divider\">Planning and Consulting  <\/span><\/span><\/div><\/div><\/div><\/a><\/div><div class=\"col-md-6 animate-box\" data-animate-effect=\"fadeInLeft\"><a href=\"https:\/\/odakplanlama.com\/en\/portfolio\/sinpas-yapi-insaat-akasya-acibadem\/\" class=\"desc\"><div class=\"project\"><img decoding=\"async\" src=\"https:\/\/odakplanlama.com\/wp-content\/uploads\/2025\/03\/sinpasakasya2.webp\"  class=\"img-fluid\" alt=\"\" \/><div class=\"desc\"><div class=\"con\"><h3>S\u0130NPA\u015e CONSTRUCTION AKASYA ACIBADEM<\/h3><span><span class=\"cat-divider\">Planning and Consulting  <\/span><\/span><\/div><\/div><\/div><\/a><\/div><div class=\"col-md-6 animate-box\" data-animate-effect=\"fadeInLeft\"><a href=\"https:\/\/odakplanlama.com\/en\/portfolio\/sinpas-yapi-insaat-istanbul-palace\/\" class=\"desc\"><div class=\"project\"><img decoding=\"async\" src=\"https:\/\/odakplanlama.com\/wp-content\/uploads\/2025\/03\/sinpasistanbulpalace1.webp\"  class=\"img-fluid\" alt=\"\" \/><div class=\"desc\"><div class=\"con\"><h3>S\u0130NPA\u015e CONSTRUCTION \u0130STANBUL PALACE<\/h3><span><span class=\"cat-divider\">Planning and Consulting  <\/span><\/span><\/div><\/div><\/div><\/a><\/div><div class=\"col-md-6 animate-box\" data-animate-effect=\"fadeInLeft\"><a href=\"https:\/\/odakplanlama.com\/en\/portfolio\/sinpas-yapi-insaat-aqua-manors\/\" class=\"desc\"><div class=\"project\"><img decoding=\"async\" src=\"https:\/\/odakplanlama.com\/wp-content\/uploads\/2025\/03\/sinpasaquamanors1.webp\"  class=\"img-fluid\" alt=\"\" \/><div class=\"desc\"><div class=\"con\"><h3>S\u0130NPA\u015e CONSTRUCTION AQUA MANORS<\/h3><span><span class=\"cat-divider\">Planning and Consulting  <\/span><\/span><\/div><\/div><\/div><\/a><\/div><div class=\"col-md-6 animate-box\" data-animate-effect=\"fadeInLeft\"><a href=\"https:\/\/odakplanlama.com\/en\/portfolio\/agaoglu-insaat-mytown-tepeustuumraniye\/\" class=\"desc\"><div class=\"project\"><img decoding=\"async\" src=\"https:\/\/odakplanlama.com\/wp-content\/uploads\/2025\/03\/agaoglumytown1.webp\"  class=\"img-fluid\" alt=\"\" \/><div class=\"desc\"><div class=\"con\"><h3>A\u011eAO\u011eLU CONSTRUCTION MYTOWN (TEPE\u00dcST\u00dc,\u00dcMRAN\u0130YE)<\/h3><span><span class=\"cat-divider\">Planning and Consulting  <\/span><\/span><\/div><\/div><\/div><\/a><\/div><div class=\"col-md-6 animate-box\" data-animate-effect=\"fadeInLeft\"><a href=\"https:\/\/odakplanlama.com\/en\/portfolio\/agaoglu-insaat-my-country\/\" class=\"desc\"><div class=\"project\"><img decoding=\"async\" src=\"https:\/\/odakplanlama.com\/wp-content\/uploads\/2025\/03\/agaoglumycountry1.webp\"  class=\"img-fluid\" alt=\"\" \/><div class=\"desc\"><div class=\"con\"><h3>A\u011eAO\u011eLU CONSTRUCTION MY COUNTRY<\/h3><span><span class=\"cat-divider\">Planning and Consulting  <\/span><\/span><\/div><\/div><\/div><\/a><\/div><div class=\"col-md-6 animate-box\" data-animate-effect=\"fadeInLeft\"><a href=\"https:\/\/odakplanlama.com\/en\/portfolio\/akturk-insaat-rapsodi-evleri-cekmekoy\/\" class=\"desc\"><div class=\"project\"><img decoding=\"async\" src=\"https:\/\/odakplanlama.com\/wp-content\/uploads\/2025\/03\/rapsodievleri1.webp\"  class=\"img-fluid\" alt=\"\" \/><div class=\"desc\"><div class=\"con\"><h3>AKT\u00dcRK CONSTRUCTION - RAPSODI HOUSES (\u00c7EKMEK\u00d6Y)<\/h3><span><span class=\"cat-divider\">Planning and Consulting  <\/span><\/span><\/div><\/div><\/div><\/a><\/div><div class=\"col-md-6 animate-box\" data-animate-effect=\"fadeInLeft\"><a href=\"https:\/\/odakplanlama.com\/en\/portfolio\/fiba-gayrimenkul-fiba-life-cekmekoy-husnu-ozyegin\/\" class=\"desc\"><div class=\"project\"><img decoding=\"async\" src=\"https:\/\/odakplanlama.com\/wp-content\/uploads\/2025\/03\/fibalife2.webp\"  class=\"img-fluid\" alt=\"\" \/><div class=\"desc\"><div class=\"con\"><h3>F\u0130BA REAL ESTATE - F\u0130BA LIFE (\u00c7EKMEK\u00d6Y - H\u00dcSN\u00dc \u00d6ZYE\u011e\u0130N)<\/h3><span><span class=\"cat-divider\">Planning and Consulting  <\/span><\/span><\/div><\/div><\/div><\/a><\/div><div class=\"col-md-6 animate-box\" data-animate-effect=\"fadeInLeft\"><a href=\"https:\/\/odakplanlama.com\/en\/portfolio\/yapi-kredi-koray-gyo-umraniye-ev-idea\/\" class=\"desc\"><div class=\"project\"><img decoding=\"async\" src=\"https:\/\/odakplanlama.com\/wp-content\/uploads\/2025\/03\/evidea1.webp\"  class=\"img-fluid\" alt=\"\" \/><div class=\"desc\"><div class=\"con\"><h3>YAPI KRED\u0130 KORAY GYO (\u00dcMRAN\u0130YE) EV - IDEA<\/h3><span><span class=\"cat-divider\">Planning and Consulting  <\/span><\/span><\/div><\/div><\/div><\/a><\/div><div class=\"col-md-6 animate-box\" data-animate-effect=\"fadeInLeft\"><a href=\"https:\/\/odakplanlama.com\/en\/portfolio\/opel-gedizler-ticari-ve-sosyal-tesis-projesi-cekmekoy\/\" class=\"desc\"><div class=\"project\"><img decoding=\"async\" src=\"https:\/\/odakplanlama.com\/wp-content\/uploads\/2025\/03\/opelgedizler1.webp\"  class=\"img-fluid\" alt=\"\" \/><div class=\"desc\"><div class=\"con\"><h3>OPEL - GED\u0130ZLER COMMERCIAL AND SOCIAL FACILITY PROJECT (\u00c7EKMEK\u00d6Y)<\/h3><span><span class=\"cat-divider\">Planning and Consulting  <\/span><\/span><\/div><\/div><\/div><\/a><\/div><\/div><\/div><\/div><\/div><\/div><\/div><div class=\"clear\"><\/div>","protected":false},"excerpt":{"rendered":"","protected":false},"author":1,"featured_media":0,"parent":0,"menu_order":0,"comment_status":"closed","ping_status":"closed","template":"","meta":{"footnotes":"","_links_to":"","_links_to_target":""},"class_list":["post-158","page","type-page","status-publish","hentry"],"yoast_head":"<!-- This site is optimized with the Yoast SEO plugin v27.5 - https:\/\/yoast.com\/product\/yoast-seo-wordpress\/ -->\n<title>Planlama ve Dan\u0131\u015fmanl\u0131k - Odak Mimarl\u0131k Planlama Dan\u0131\u015fmanl\u0131k<\/title>\n<meta name=\"description\" content=\"Planlama ve Dan\u0131\u015fmanl\u0131k\" \/>\n<meta name=\"robots\" content=\"index, follow, max-snippet:-1, max-image-preview:large, max-video-preview:-1\" \/>\n<link rel=\"canonical\" href=\"https:\/\/odakplanlama.com\/en\/planlama-ve-danismanlik\/\" \/>\n<meta property=\"og:locale\" content=\"en_US\" \/>\n<meta property=\"og:type\" content=\"article\" \/>\n<meta property=\"og:title\" content=\"Planlama ve Dan\u0131\u015fmanl\u0131k - Odak Mimarl\u0131k Planlama Dan\u0131\u015fmanl\u0131k\" \/>\n<meta property=\"og:description\" content=\"Planlama ve Dan\u0131\u015fmanl\u0131k\" \/>\n<meta property=\"og:url\" content=\"https:\/\/odakplanlama.com\/en\/planlama-ve-danismanlik\/\" \/>\n<meta property=\"og:site_name\" content=\"Odak Mimarl\u0131k Planlama Dan\u0131\u015fmanl\u0131k\" \/>\n<meta property=\"article:modified_time\" content=\"2025-03-10T21:25:24+00:00\" \/>\n<meta name=\"twitter:card\" content=\"summary_large_image\" \/>\n<meta name=\"twitter:label1\" content=\"Est. reading time\" \/>\n\t<meta name=\"twitter:data1\" content=\"1 minute\" \/>\n<script type=\"application\/ld+json\" class=\"yoast-schema-graph\">{\"@context\":\"https:\\\/\\\/schema.org\",\"@graph\":[{\"@type\":\"WebPage\",\"@id\":\"https:\\\/\\\/odakplanlama.com\\\/planlama-ve-danismanlik\\\/\",\"url\":\"https:\\\/\\\/odakplanlama.com\\\/planlama-ve-danismanlik\\\/\",\"name\":\"Planlama ve Dan\u0131\u015fmanl\u0131k - Odak Mimarl\u0131k Planlama Dan\u0131\u015fmanl\u0131k\",\"isPartOf\":{\"@id\":\"https:\\\/\\\/odakplanlama.com\\\/#website\"},\"datePublished\":\"2025-03-10T14:46:59+00:00\",\"dateModified\":\"2025-03-10T21:25:24+00:00\",\"description\":\"Planlama ve Dan\u0131\u015fmanl\u0131k\",\"breadcrumb\":{\"@id\":\"https:\\\/\\\/odakplanlama.com\\\/planlama-ve-danismanlik\\\/#breadcrumb\"},\"inLanguage\":\"en-US\",\"potentialAction\":[{\"@type\":\"ReadAction\",\"target\":[\"https:\\\/\\\/odakplanlama.com\\\/planlama-ve-danismanlik\\\/\"]}]},{\"@type\":\"BreadcrumbList\",\"@id\":\"https:\\\/\\\/odakplanlama.com\\\/planlama-ve-danismanlik\\\/#breadcrumb\",\"itemListElement\":[{\"@type\":\"ListItem\",\"position\":1,\"name\":\"Anasayfa\",\"item\":\"https:\\\/\\\/odakplanlama.com\\\/\"},{\"@type\":\"ListItem\",\"position\":2,\"name\":\"Planlama ve Dan\u0131\u015fmanl\u0131k\"}]},{\"@type\":\"WebSite\",\"@id\":\"https:\\\/\\\/odakplanlama.com\\\/#website\",\"url\":\"https:\\\/\\\/odakplanlama.com\\\/\",\"name\":\"Odak Mimarl\u0131k Planlama Dan\u0131\u015fmanl\u0131k\",\"description\":\"\",\"publisher\":{\"@id\":\"https:\\\/\\\/odakplanlama.com\\\/#organization\"},\"potentialAction\":[{\"@type\":\"SearchAction\",\"target\":{\"@type\":\"EntryPoint\",\"urlTemplate\":\"https:\\\/\\\/odakplanlama.com\\\/?s={search_term_string}\"},\"query-input\":{\"@type\":\"PropertyValueSpecification\",\"valueRequired\":true,\"valueName\":\"search_term_string\"}}],\"inLanguage\":\"en-US\"},{\"@type\":\"Organization\",\"@id\":\"https:\\\/\\\/odakplanlama.com\\\/#organization\",\"name\":\"Odak Mimarl\u0131k Planlama Dan\u0131\u015fmanl\u0131k\",\"url\":\"https:\\\/\\\/odakplanlama.com\\\/\",\"logo\":{\"@type\":\"ImageObject\",\"inLanguage\":\"en-US\",\"@id\":\"https:\\\/\\\/odakplanlama.com\\\/#\\\/schema\\\/logo\\\/image\\\/\",\"url\":\"https:\\\/\\\/odakplanlama.com\\\/wp-content\\\/uploads\\\/2025\\\/03\\\/odaktr.png\",\"contentUrl\":\"https:\\\/\\\/odakplanlama.com\\\/wp-content\\\/uploads\\\/2025\\\/03\\\/odaktr.png\",\"width\":200,\"height\":83,\"caption\":\"Odak Mimarl\u0131k Planlama Dan\u0131\u015fmanl\u0131k\"},\"image\":{\"@id\":\"https:\\\/\\\/odakplanlama.com\\\/#\\\/schema\\\/logo\\\/image\\\/\"}}]}<\/script>\n<!-- \/ Yoast SEO plugin. -->","yoast_head_json":{"title":"Planlama ve Dan\u0131\u015fmanl\u0131k - Odak Mimarl\u0131k Planlama Dan\u0131\u015fmanl\u0131k","description":"Planning and Consulting","robots":{"index":"index","follow":"follow","max-snippet":"max-snippet:-1","max-image-preview":"max-image-preview:large","max-video-preview":"max-video-preview:-1"},"canonical":"https:\/\/odakplanlama.com\/en\/planlama-ve-danismanlik\/","og_locale":"en_US","og_type":"article","og_title":"Planlama ve Dan\u0131\u015fmanl\u0131k - Odak Mimarl\u0131k Planlama Dan\u0131\u015fmanl\u0131k","og_description":"Planlama ve Dan\u0131\u015fmanl\u0131k","og_url":"https:\/\/odakplanlama.com\/en\/planlama-ve-danismanlik\/","og_site_name":"Odak Mimarl\u0131k Planlama Dan\u0131\u015fmanl\u0131k","article_modified_time":"2025-03-10T21:25:24+00:00","twitter_card":"summary_large_image","twitter_misc":{"Est. reading time":"1 minute"},"schema":{"@context":"https:\/\/schema.org","@graph":[{"@type":"WebPage","@id":"https:\/\/odakplanlama.com\/planlama-ve-danismanlik\/","url":"https:\/\/odakplanlama.com\/planlama-ve-danismanlik\/","name":"Planlama ve Dan\u0131\u015fmanl\u0131k - Odak Mimarl\u0131k Planlama Dan\u0131\u015fmanl\u0131k","isPartOf":{"@id":"https:\/\/odakplanlama.com\/#website"},"datePublished":"2025-03-10T14:46:59+00:00","dateModified":"2025-03-10T21:25:24+00:00","description":"Planning and Consulting","breadcrumb":{"@id":"https:\/\/odakplanlama.com\/planlama-ve-danismanlik\/#breadcrumb"},"inLanguage":"en-US","potentialAction":[{"@type":"ReadAction","target":["https:\/\/odakplanlama.com\/planlama-ve-danismanlik\/"]}]},{"@type":"BreadcrumbList","@id":"https:\/\/odakplanlama.com\/planlama-ve-danismanlik\/#breadcrumb","itemListElement":[{"@type":"ListItem","position":1,"name":"Anasayfa","item":"https:\/\/odakplanlama.com\/"},{"@type":"ListItem","position":2,"name":"Planlama ve Dan\u0131\u015fmanl\u0131k"}]},{"@type":"WebSite","@id":"https:\/\/odakplanlama.com\/#website","url":"https:\/\/odakplanlama.com\/","name":"Odak Mimarl\u0131k Planlama Dan\u0131\u015fmanl\u0131k","description":"","publisher":{"@id":"https:\/\/odakplanlama.com\/#organization"},"potentialAction":[{"@type":"SearchAction","target":{"@type":"EntryPoint","urlTemplate":"https:\/\/odakplanlama.com\/?s={search_term_string}"},"query-input":{"@type":"PropertyValueSpecification","valueRequired":true,"valueName":"search_term_string"}}],"inLanguage":"en-US"},{"@type":"Organization","@id":"https:\/\/odakplanlama.com\/#organization","name":"Odak Mimarl\u0131k Planlama Dan\u0131\u015fmanl\u0131k","url":"https:\/\/odakplanlama.com\/","logo":{"@type":"ImageObject","inLanguage":"en-US","@id":"https:\/\/odakplanlama.com\/#\/schema\/logo\/image\/","url":"https:\/\/odakplanlama.com\/wp-content\/uploads\/2025\/03\/odaktr.png","contentUrl":"https:\/\/odakplanlama.com\/wp-content\/uploads\/2025\/03\/odaktr.png","width":200,"height":83,"caption":"Odak Mimarl\u0131k Planlama Dan\u0131\u015fmanl\u0131k"},"image":{"@id":"https:\/\/odakplanlama.com\/#\/schema\/logo\/image\/"}}]}},"_links":{"self":[{"href":"https:\/\/odakplanlama.com\/en\/wp-json\/wp\/v2\/pages\/158","targetHints":{"allow":["GET"]}}],"collection":[{"href":"https:\/\/odakplanlama.com\/en\/wp-json\/wp\/v2\/pages"}],"about":[{"href":"https:\/\/odakplanlama.com\/en\/wp-json\/wp\/v2\/types\/page"}],"author":[{"embeddable":true,"href":"https:\/\/odakplanlama.com\/en\/wp-json\/wp\/v2\/users\/1"}],"replies":[{"embeddable":true,"href":"https:\/\/odakplanlama.com\/en\/wp-json\/wp\/v2\/comments?post=158"}],"version-history":[{"count":3,"href":"https:\/\/odakplanlama.com\/en\/wp-json\/wp\/v2\/pages\/158\/revisions"}],"predecessor-version":[{"id":195,"href":"https:\/\/odakplanlama.com\/en\/wp-json\/wp\/v2\/pages\/158\/revisions\/195"}],"wp:attachment":[{"href":"https:\/\/odakplanlama.com\/en\/wp-json\/wp\/v2\/media?parent=158"}],"curies":[{"name":"wp","href":"https:\/\/api.w.org\/{rel}","templated":true}]}}