{"id":33,"date":"2025-03-04T22:33:45","date_gmt":"2025-03-04T19:33:45","guid":{"rendered":"https:\/\/emeks.com.tr\/?page_id=33"},"modified":"2025-03-11T16:12:14","modified_gmt":"2025-03-11T13:12:14","slug":"hakkimizda","status":"publish","type":"page","link":"https:\/\/odakplanlama.com\/en\/hakkimizda\/","title":{"rendered":"About Us"},"content":{"rendered":"<div class=\"clear\"><\/div><div class=\"blank-section\"><div class=\"wpb_column vc_column_container vc_col-sm-12\"><div class=\"vc_column-inner\"><div class=\"wpb_wrapper\"><div class=\"vc_empty_space\"   style=\"height: 75px\"><span class=\"vc_empty_space_inner\"><\/span><\/div><div class=\"sec-title animate-box\" data-animate-effect=\"fadeInLeft\"><h2 class=\"doro-heading\" style=\"\">About Us<\/h2><\/div><div class=\"sec-text animate-box\" data-animate-effect=\"fadeInLeft\" style=\"\"><p>ODAK ENGINEERING, CONSULTANCY, IND. LTD. CO. has been operating about construction, development, planning, mapping, investment and improvement projects in Istanbul and other cities of Turkey for 25 years. Our firm still have been doing construction works and solution partnership in different projects.<\/p>\n<p>ODAK, our firm, has improved many projects with known firms and investment groups in Turkey. With having experience from these projects, we are making housing constructions in our region.<\/p>\n<p>We will be glad to make projects that you like.<\/p><\/div><div class=\"sec-title animate-box\" data-animate-effect=\"fadeInLeft\"><h2 class=\"doro-heading\" style=\"\">Services<\/h2><\/div><div class=\"sec-text animate-box\" data-animate-effect=\"fadeInLeft\" style=\"\"><p>* Construction works<br \/>\n* Architectural projects<br \/>\n* Mapping and planning<br \/>\n* Planning and consulting<\/p><\/div><div class=\"sec-title animate-box\" data-animate-effect=\"fadeInLeft\"><h2 class=\"doro-heading\" style=\"\">ODAK Engineering, Consultancy, Ind. Ltd. Co. Other Investment and Related Companies<\/h2><\/div><div class=\"sec-text animate-box\" data-animate-effect=\"fadeInLeft\" style=\"\"><p>EMEKS CONSTRUCTION, CONSULTANCY IMPORT, EXPORT, INDUSTRY LTD. CO.<br \/>\nProject Development and Investment Company. Land development and improvement.<\/p>\n<p>A\u011eA LOGISTICS WAREHOUSE CONS. LTD. CO.<br \/>\nGebze G\u00fczeller OSB Logistics Warehouse has an area of 20.000 m2 and site tenant is Schenker Arkas Inc. and has been using by APPLE-IPHONE. Gebze, KOCAEL\u0130<\/p>\n<p>EM\u0130RO\u011eLU PETROLEUM PRODUCTS INDUSTRY COMMERCELTD. CO.<br \/>\nWholesale and retail trade and marketing have been operating with OPET Petroleum dealership. Sancaktepe, \u0130STANBUL<\/p><\/div><div class=\"sec-title animate-box\" data-animate-effect=\"fadeInLeft\"><h2 class=\"doro-heading\" style=\"\">Projects and Works in Turkey<\/h2><\/div><div class=\"sec-text animate-box\" data-animate-effect=\"fadeInLeft\" style=\"\"><p>* Mu\u011fla, Fethiye, \u00d6l\u00fcdeniz Town, Babada\u011f Recreation Area and Air Sports Center Line Cable Car Projects of 2012 - Working.<\/p>\n<p>* \u0130stanbul Metropolitan Municipality in 3194 to real property in the Region of Anatolia Development Law No.15 and 16 tha application of article job - 2011<\/p>\n<p>* Maltepe, North side of E-5, 1713 hectares 1\/1000 scale Implementation Plan<\/p>\n<p>* Maltepe, Esenkent,  1\/1000 scale Revision of Implementation Plan<\/p>\n<p>* Akf\u0131rat Municipality 1\/5000 scale Master Plan, 3000 hectares, 1\/1000 scale Implementation Plan 1999<\/p>\n<p>* Alemdar Municipality Ni\u015fantepe 1\/5000 and 1\/1000 scale Master Plan and Implementation Plan<\/p>\n<p>* Kartal K\u0131z\u0131lay Street, Urban Design Project, Urban Design Department, \u0130stanbul Metropolitan Municipality<\/p>\n<p>* \u00dcmraniye and \u00dcsk\u00fcdar District Various Routes of Study and Preliminary Design (7138 m). 2001<\/p>\n<p>* Sinpa\u015f Inc. Investment Projects being Implemented Aqua City, Istanbul Palace, Aqua Manors, Central Life (Istanbul), Sealebria (Silivri)<\/p>\n<p>* A\u011fao\u011flu Inc investment projects being implemented, A\u011fao\u011flu My City, My Country<\/p>\n<p>* Yap\u0131 Kredi Koray Real Estate Investment Trust, various investment consulting<\/p>\n<p>* Formula 1 Formula \u0130stanbul Inc. Concept Development, Cadastral and Topographic Map,  Akf\u0131rat - \u0130stanbul<\/p>\n<p>* 22.000 m2 site Lalezar Mansions Investment Project, Plan and Architectural Projects, 1997 \u00c7ekmek\u00f6y - \u0130stanbul<\/p>\n<p>* Ek\u015fio\u011flu Be\u015fy\u0131ld\u0131z Housing Project, The Development Plan and Architectural Projects, \u00c7ekmek\u00f6y - \u0130stanbul 1997<\/p>\n<p>* \u0130hlas Real Estate Investment Trust, Park Mansions, \u00c7ekmek\u00f6y - \u0130stanbul<\/p>\n<p>* Yenido\u011fan Regional Municipality Master Plan, 1\/5000 scale, 570 hectares. 1995<\/p>\n<p>* Samand\u0131ra Regional Municipality, 1\/5000 scale Urban Design and Scale of 1\/1000 2500 hectares. 1992 - 1994 \u0130stanbul<\/p>\n<p>* Municipality of Gebze Industrial Zone Plan, 122.5 hectares in 1995 Istanbul, 1\/5000 and 1\/1000 scale 1995 \u0130stanbul. Revision Plan 2004 - 2005<\/p>\n<p>* Samand\u0131ra \u2013 Kartal, Industrial and Trade Zone Design, 50 hectares, 1\/1000 scale 1995, \u0130stanbul<\/p>\n<p>* \u00c7ekmek\u00f6y Municipality Area Master Plan Consultancy 1\/5000 ve 1\/1000 scale 2000 hectares, 1995 \u0130stanbul<\/p>\n<p>* A lot of Industrial and Urban Design Projects<\/p>\n<p>* Preparition of Construction Projects in the Watershed Code for ISKI, 1995 \u0130stanbul<\/p>\n<p>* G\u00fclhane Park Metering and Map Processes, 1\/200 scale, 30 hectares, 1996 \u0130stanbul<\/p>\n<p>* Melen Project, water metering channel route, 160 km 1997 \u2013 Ta\u015feron \u2013 STFA Consortium<\/p>\n<p>* \u0130stanbul, Pirin\u00e7\u00e7i Site metering , 1100 hectares, 1997<\/p>\n<p>* Natural Gas Distribution Line, measured and as-built work space 136km \u0130GDA\u015e Inc, 1997. \u0130stanbul<\/p>\n<p>* \u00c7oban\u00e7e\u015fme, \u0130stanbul, Urban Regeneration Projects, Mapping, Urban Planning, Zonning, Subdivision Operations<\/p>\n<p>* \u0130stanbul, \u00c7ekmek\u00f6y Architectural Plan of 200 Unit Housing, 1996<\/p>\n<p>* Turkish Aeronalitical Assoc. Land Development and Implementation Study, 1993<\/p><\/div><div class=\"vc_empty_space\"   style=\"height: 32px\"><span class=\"vc_empty_space_inner\"><\/span><\/div><\/div><\/div><\/div><\/div><div class=\"clear\"><\/div>","protected":false},"excerpt":{"rendered":"Hakk\u0131m\u0131zdaODAK M\u00dcH. M\u00dc\u015e. SAN. T\u0130C. LTD. \u015eT\u0130. ve \u0130\u015ftirakleri olarak 25 y\u0131l\u0131 a\u015fk\u0131n s\u00fcredir \u0130stanbul ve T\u00fcrkiye'nin muhtelif b\u00f6lgelerinde in\u015faat, imar, planlama, harita, yat\u0131r\u0131m ve...","protected":false},"author":1,"featured_media":0,"parent":0,"menu_order":0,"comment_status":"closed","ping_status":"closed","template":"","meta":{"footnotes":"","_links_to":"","_links_to_target":""},"class_list":["post-33","page","type-page","status-publish","hentry"],"yoast_head":"<!-- This site is optimized with the Yoast SEO plugin v27.3 - https:\/\/yoast.com\/product\/yoast-seo-wordpress\/ -->\n<title>Hakk\u0131m\u0131zda - Odak Mimarl\u0131k Planlama Dan\u0131\u015fmanl\u0131k<\/title>\n<meta name=\"description\" content=\"ODAK M\u00dcH. M\u00dc\u015e. SAN. T\u0130C. LTD. \u015eT\u0130. ve \u0130\u015ftirakleri olarak 25 y\u0131l\u0131 a\u015fk\u0131n s\u00fcredir \u0130stanbul ve T\u00fcrkiye&#039;nin muhtelif b\u00f6lgelerinde in\u015faat, imar, planlama, harita, yat\u0131r\u0131m ve kalk\u0131nma projelerinde faaliyet g\u00f6stermektedir. Do\u011frudan yapt\u0131\u011f\u0131m\u0131z uygulamalarla beraber de\u011fi\u015fik alanlarda proje \u00e7\u00f6z\u00fcm orta\u011f\u0131 olarak \u00e7al\u0131\u015fmalar\u0131m\u0131z s\u00fcrd\u00fcr\u00fclmektedir.\" \/>\n<meta name=\"robots\" content=\"index, follow, max-snippet:-1, max-image-preview:large, max-video-preview:-1\" \/>\n<link rel=\"canonical\" href=\"https:\/\/odakplanlama.com\/en\/hakkimizda\/\" \/>\n<meta property=\"og:locale\" content=\"en_US\" \/>\n<meta property=\"og:type\" content=\"article\" \/>\n<meta property=\"og:title\" content=\"Hakk\u0131m\u0131zda - Odak Mimarl\u0131k Planlama Dan\u0131\u015fmanl\u0131k\" \/>\n<meta property=\"og:description\" content=\"ODAK M\u00dcH. M\u00dc\u015e. SAN. T\u0130C. LTD. \u015eT\u0130. ve \u0130\u015ftirakleri olarak 25 y\u0131l\u0131 a\u015fk\u0131n s\u00fcredir \u0130stanbul ve T\u00fcrkiye&#039;nin muhtelif b\u00f6lgelerinde in\u015faat, imar, planlama, harita, yat\u0131r\u0131m ve kalk\u0131nma projelerinde faaliyet g\u00f6stermektedir. Do\u011frudan yapt\u0131\u011f\u0131m\u0131z uygulamalarla beraber de\u011fi\u015fik alanlarda proje \u00e7\u00f6z\u00fcm orta\u011f\u0131 olarak \u00e7al\u0131\u015fmalar\u0131m\u0131z s\u00fcrd\u00fcr\u00fclmektedir.\" \/>\n<meta property=\"og:url\" content=\"https:\/\/odakplanlama.com\/en\/hakkimizda\/\" \/>\n<meta property=\"og:site_name\" content=\"Odak Mimarl\u0131k Planlama Dan\u0131\u015fmanl\u0131k\" \/>\n<meta property=\"article:modified_time\" content=\"2025-03-11T13:12:14+00:00\" \/>\n<meta name=\"twitter:card\" content=\"summary_large_image\" \/>\n<meta name=\"twitter:label1\" content=\"Est. reading time\" \/>\n\t<meta name=\"twitter:data1\" content=\"4 minutes\" \/>\n<script type=\"application\/ld+json\" class=\"yoast-schema-graph\">{\"@context\":\"https:\\\/\\\/schema.org\",\"@graph\":[{\"@type\":\"WebPage\",\"@id\":\"https:\\\/\\\/odakplanlama.com\\\/hakkimizda\\\/\",\"url\":\"https:\\\/\\\/odakplanlama.com\\\/hakkimizda\\\/\",\"name\":\"Hakk\u0131m\u0131zda - Odak Mimarl\u0131k Planlama Dan\u0131\u015fmanl\u0131k\",\"isPartOf\":{\"@id\":\"https:\\\/\\\/odakplanlama.com\\\/#website\"},\"datePublished\":\"2025-03-04T19:33:45+00:00\",\"dateModified\":\"2025-03-11T13:12:14+00:00\",\"description\":\"ODAK M\u00dcH. M\u00dc\u015e. SAN. T\u0130C. LTD. \u015eT\u0130. ve \u0130\u015ftirakleri olarak 25 y\u0131l\u0131 a\u015fk\u0131n s\u00fcredir \u0130stanbul ve T\u00fcrkiye'nin muhtelif b\u00f6lgelerinde in\u015faat, imar, planlama, harita, yat\u0131r\u0131m ve kalk\u0131nma projelerinde faaliyet g\u00f6stermektedir. Do\u011frudan yapt\u0131\u011f\u0131m\u0131z uygulamalarla beraber de\u011fi\u015fik alanlarda proje \u00e7\u00f6z\u00fcm orta\u011f\u0131 olarak \u00e7al\u0131\u015fmalar\u0131m\u0131z s\u00fcrd\u00fcr\u00fclmektedir.\",\"breadcrumb\":{\"@id\":\"https:\\\/\\\/odakplanlama.com\\\/hakkimizda\\\/#breadcrumb\"},\"inLanguage\":\"en-US\",\"potentialAction\":[{\"@type\":\"ReadAction\",\"target\":[\"https:\\\/\\\/odakplanlama.com\\\/hakkimizda\\\/\"]}]},{\"@type\":\"BreadcrumbList\",\"@id\":\"https:\\\/\\\/odakplanlama.com\\\/hakkimizda\\\/#breadcrumb\",\"itemListElement\":[{\"@type\":\"ListItem\",\"position\":1,\"name\":\"Anasayfa\",\"item\":\"https:\\\/\\\/odakplanlama.com\\\/\"},{\"@type\":\"ListItem\",\"position\":2,\"name\":\"Hakk\u0131m\u0131zda\"}]},{\"@type\":\"WebSite\",\"@id\":\"https:\\\/\\\/odakplanlama.com\\\/#website\",\"url\":\"https:\\\/\\\/odakplanlama.com\\\/\",\"name\":\"Odak Mimarl\u0131k Planlama Dan\u0131\u015fmanl\u0131k\",\"description\":\"\",\"publisher\":{\"@id\":\"https:\\\/\\\/odakplanlama.com\\\/#organization\"},\"potentialAction\":[{\"@type\":\"SearchAction\",\"target\":{\"@type\":\"EntryPoint\",\"urlTemplate\":\"https:\\\/\\\/odakplanlama.com\\\/?s={search_term_string}\"},\"query-input\":{\"@type\":\"PropertyValueSpecification\",\"valueRequired\":true,\"valueName\":\"search_term_string\"}}],\"inLanguage\":\"en-US\"},{\"@type\":\"Organization\",\"@id\":\"https:\\\/\\\/odakplanlama.com\\\/#organization\",\"name\":\"Odak Mimarl\u0131k Planlama Dan\u0131\u015fmanl\u0131k\",\"url\":\"https:\\\/\\\/odakplanlama.com\\\/\",\"logo\":{\"@type\":\"ImageObject\",\"inLanguage\":\"en-US\",\"@id\":\"https:\\\/\\\/odakplanlama.com\\\/#\\\/schema\\\/logo\\\/image\\\/\",\"url\":\"https:\\\/\\\/odakplanlama.com\\\/wp-content\\\/uploads\\\/2025\\\/03\\\/odaktr.png\",\"contentUrl\":\"https:\\\/\\\/odakplanlama.com\\\/wp-content\\\/uploads\\\/2025\\\/03\\\/odaktr.png\",\"width\":200,\"height\":83,\"caption\":\"Odak Mimarl\u0131k Planlama Dan\u0131\u015fmanl\u0131k\"},\"image\":{\"@id\":\"https:\\\/\\\/odakplanlama.com\\\/#\\\/schema\\\/logo\\\/image\\\/\"}}]}<\/script>\n<!-- \/ Yoast SEO plugin. -->","yoast_head_json":{"title":"Hakk\u0131m\u0131zda - Odak Mimarl\u0131k Planlama Dan\u0131\u015fmanl\u0131k","description":"ODAK M\u00dcH. M\u00dc\u015e. SAN. T\u0130C. LTD. \u015eT\u0130. ve \u0130\u015ftirakleri olarak 25 y\u0131l\u0131 a\u015fk\u0131n s\u00fcredir \u0130stanbul ve T\u00fcrkiye'nin muhtelif b\u00f6lgelerinde in\u015faat, imar, planlama, harita, yat\u0131r\u0131m ve kalk\u0131nma projelerinde faaliyet g\u00f6stermektedir. Do\u011frudan yapt\u0131\u011f\u0131m\u0131z uygulamalarla beraber de\u011fi\u015fik alanlarda proje \u00e7\u00f6z\u00fcm orta\u011f\u0131 olarak \u00e7al\u0131\u015fmalar\u0131m\u0131z s\u00fcrd\u00fcr\u00fclmektedir.","robots":{"index":"index","follow":"follow","max-snippet":"max-snippet:-1","max-image-preview":"max-image-preview:large","max-video-preview":"max-video-preview:-1"},"canonical":"https:\/\/odakplanlama.com\/en\/hakkimizda\/","og_locale":"en_US","og_type":"article","og_title":"Hakk\u0131m\u0131zda - Odak Mimarl\u0131k Planlama Dan\u0131\u015fmanl\u0131k","og_description":"ODAK M\u00dcH. M\u00dc\u015e. SAN. T\u0130C. LTD. \u015eT\u0130. ve \u0130\u015ftirakleri olarak 25 y\u0131l\u0131 a\u015fk\u0131n s\u00fcredir \u0130stanbul ve T\u00fcrkiye'nin muhtelif b\u00f6lgelerinde in\u015faat, imar, planlama, harita, yat\u0131r\u0131m ve kalk\u0131nma projelerinde faaliyet g\u00f6stermektedir. Do\u011frudan yapt\u0131\u011f\u0131m\u0131z uygulamalarla beraber de\u011fi\u015fik alanlarda proje \u00e7\u00f6z\u00fcm orta\u011f\u0131 olarak \u00e7al\u0131\u015fmalar\u0131m\u0131z s\u00fcrd\u00fcr\u00fclmektedir.","og_url":"https:\/\/odakplanlama.com\/en\/hakkimizda\/","og_site_name":"Odak Mimarl\u0131k Planlama Dan\u0131\u015fmanl\u0131k","article_modified_time":"2025-03-11T13:12:14+00:00","twitter_card":"summary_large_image","twitter_misc":{"Est. reading time":"4 minutes"},"schema":{"@context":"https:\/\/schema.org","@graph":[{"@type":"WebPage","@id":"https:\/\/odakplanlama.com\/hakkimizda\/","url":"https:\/\/odakplanlama.com\/hakkimizda\/","name":"Hakk\u0131m\u0131zda - Odak Mimarl\u0131k Planlama Dan\u0131\u015fmanl\u0131k","isPartOf":{"@id":"https:\/\/odakplanlama.com\/#website"},"datePublished":"2025-03-04T19:33:45+00:00","dateModified":"2025-03-11T13:12:14+00:00","description":"ODAK M\u00dcH. M\u00dc\u015e. SAN. T\u0130C. LTD. \u015eT\u0130. ve \u0130\u015ftirakleri olarak 25 y\u0131l\u0131 a\u015fk\u0131n s\u00fcredir \u0130stanbul ve T\u00fcrkiye'nin muhtelif b\u00f6lgelerinde in\u015faat, imar, planlama, harita, yat\u0131r\u0131m ve kalk\u0131nma projelerinde faaliyet g\u00f6stermektedir. Do\u011frudan yapt\u0131\u011f\u0131m\u0131z uygulamalarla beraber de\u011fi\u015fik alanlarda proje \u00e7\u00f6z\u00fcm orta\u011f\u0131 olarak \u00e7al\u0131\u015fmalar\u0131m\u0131z s\u00fcrd\u00fcr\u00fclmektedir.","breadcrumb":{"@id":"https:\/\/odakplanlama.com\/hakkimizda\/#breadcrumb"},"inLanguage":"en-US","potentialAction":[{"@type":"ReadAction","target":["https:\/\/odakplanlama.com\/hakkimizda\/"]}]},{"@type":"BreadcrumbList","@id":"https:\/\/odakplanlama.com\/hakkimizda\/#breadcrumb","itemListElement":[{"@type":"ListItem","position":1,"name":"Anasayfa","item":"https:\/\/odakplanlama.com\/"},{"@type":"ListItem","position":2,"name":"Hakk\u0131m\u0131zda"}]},{"@type":"WebSite","@id":"https:\/\/odakplanlama.com\/#website","url":"https:\/\/odakplanlama.com\/","name":"Odak Mimarl\u0131k Planlama Dan\u0131\u015fmanl\u0131k","description":"","publisher":{"@id":"https:\/\/odakplanlama.com\/#organization"},"potentialAction":[{"@type":"SearchAction","target":{"@type":"EntryPoint","urlTemplate":"https:\/\/odakplanlama.com\/?s={search_term_string}"},"query-input":{"@type":"PropertyValueSpecification","valueRequired":true,"valueName":"search_term_string"}}],"inLanguage":"en-US"},{"@type":"Organization","@id":"https:\/\/odakplanlama.com\/#organization","name":"Odak Mimarl\u0131k Planlama Dan\u0131\u015fmanl\u0131k","url":"https:\/\/odakplanlama.com\/","logo":{"@type":"ImageObject","inLanguage":"en-US","@id":"https:\/\/odakplanlama.com\/#\/schema\/logo\/image\/","url":"https:\/\/odakplanlama.com\/wp-content\/uploads\/2025\/03\/odaktr.png","contentUrl":"https:\/\/odakplanlama.com\/wp-content\/uploads\/2025\/03\/odaktr.png","width":200,"height":83,"caption":"Odak Mimarl\u0131k Planlama Dan\u0131\u015fmanl\u0131k"},"image":{"@id":"https:\/\/odakplanlama.com\/#\/schema\/logo\/image\/"}}]}},"_links":{"self":[{"href":"https:\/\/odakplanlama.com\/en\/wp-json\/wp\/v2\/pages\/33","targetHints":{"allow":["GET"]}}],"collection":[{"href":"https:\/\/odakplanlama.com\/en\/wp-json\/wp\/v2\/pages"}],"about":[{"href":"https:\/\/odakplanlama.com\/en\/wp-json\/wp\/v2\/types\/page"}],"author":[{"embeddable":true,"href":"https:\/\/odakplanlama.com\/en\/wp-json\/wp\/v2\/users\/1"}],"replies":[{"embeddable":true,"href":"https:\/\/odakplanlama.com\/en\/wp-json\/wp\/v2\/comments?post=33"}],"version-history":[{"count":42,"href":"https:\/\/odakplanlama.com\/en\/wp-json\/wp\/v2\/pages\/33\/revisions"}],"predecessor-version":[{"id":280,"href":"https:\/\/odakplanlama.com\/en\/wp-json\/wp\/v2\/pages\/33\/revisions\/280"}],"wp:attachment":[{"href":"https:\/\/odakplanlama.com\/en\/wp-json\/wp\/v2\/media?parent=33"}],"curies":[{"name":"wp","href":"https:\/\/api.w.org\/{rel}","templated":true}]}}