{"id":56,"date":"2025-03-10T15:38:01","date_gmt":"2025-03-10T12:38:01","guid":{"rendered":"https:\/\/emeks.com.tr\/?page_id=56"},"modified":"2025-03-11T16:35:44","modified_gmt":"2025-03-11T13:35:44","slug":"projeler","status":"publish","type":"page","link":"https:\/\/odakplanlama.com\/en\/projeler\/","title":{"rendered":"Construction Works"},"content":{"rendered":"<div class=\"clear\"><\/div><div class=\"blank-section\"><div class=\"wpb_column vc_column_container vc_col-sm-12\"><div class=\"vc_column-inner\"><div class=\"wpb_wrapper\"><div class=\"sec-port-vc\"><div class=\"row\"><div class=\"col-md-6 animate-box\" data-animate-effect=\"fadeInLeft\"><a href=\"https:\/\/odakplanlama.com\/en\/portfolio\/gebze-guzeller-osb-lojistik-depo-tesisi-insaati-tamamlandi\/\" class=\"desc\"><div class=\"project\"><img decoding=\"async\" src=\"https:\/\/odakplanlama.com\/wp-content\/uploads\/2025\/03\/gebzeguzellerosb2.webp\"  class=\"img-fluid\" alt=\"\" \/><div class=\"desc\"><div class=\"con\"><h3>GEBZE G\u00dcZELLER OSB LOGISTICS WARE HOUSE CONSTRUCTION (Completed)<\/h3><span><span class=\"cat-divider\">Construction Works  <\/span><\/span><\/div><\/div><\/div><\/a><\/div><div class=\"col-md-6 animate-box\" data-animate-effect=\"fadeInLeft\"><a href=\"https:\/\/odakplanlama.com\/en\/portfolio\/cekmekoy-alemdag-resadiye-villa-insaati-tamamlandi\/\" class=\"desc\"><div class=\"project\"><img decoding=\"async\" src=\"https:\/\/odakplanlama.com\/wp-content\/uploads\/2025\/03\/resadiyevilla4.webp\"  class=\"img-fluid\" alt=\"\" \/><div class=\"desc\"><div class=\"con\"><h3>\u00c7EKMEK\u00d6Y, ALEMDA\u011e, RE\u015eAD\u0130YE VILLA CONSTRUCTION (Completed)<\/h3><span><span class=\"cat-divider\">Construction Works  <\/span><\/span><\/div><\/div><\/div><\/a><\/div><div class=\"col-md-6 animate-box\" data-animate-effect=\"fadeInLeft\"><a href=\"https:\/\/odakplanlama.com\/en\/portfolio\/umraniye-atasehir-finas-merkezi-ticari-ofis-insaati-devam-ediyor\/\" class=\"desc\"><div class=\"project\"><img decoding=\"async\" src=\"https:\/\/odakplanlama.com\/wp-content\/uploads\/2025\/03\/atasehirfinansmerkezi3.webp\"  class=\"img-fluid\" alt=\"\" \/><div class=\"desc\"><div class=\"con\"><h3>\u00dcMRAN\u0130YE (ATA\u015eEH\u0130R FINANCIAL CENTER) COMMERCIAL - OFFICE CONSTRUCTION (Continueing)<\/h3><span><span class=\"cat-divider\">Construction Works  <\/span><\/span><\/div><\/div><\/div><\/a><\/div><div class=\"col-md-6 animate-box\" data-animate-effect=\"fadeInLeft\"><a href=\"https:\/\/odakplanlama.com\/en\/portfolio\/akaryakit-istasyonu-insaati-sancaktepe-samandira-tamamlandi\/\" class=\"desc\"><div class=\"project\"><img decoding=\"async\" src=\"https:\/\/odakplanlama.com\/wp-content\/uploads\/2025\/03\/akaryakitinsaati2.webp\"  class=\"img-fluid\" alt=\"\" \/><div class=\"desc\"><div class=\"con\"><h3>PETROL STATION CONSTRUCTION (SANCAKTEPE-SAMANDIRA) (Completed)<\/h3><span><span class=\"cat-divider\">Construction Works  <\/span><\/span><\/div><\/div><\/div><\/a><\/div><\/div><\/div><\/div><\/div><\/div><\/div><div class=\"clear\"><\/div>","protected":false},"excerpt":{"rendered":"Taraf\u0131m\u0131zdan projelendirilerek ins\u0327aat\u0131 yap\u0131lan akaryak\u0131t istasyonu Sancaktepe-Samand\u0131ra da bulunmaktad\u0131r. 1750 m2 arsaya sahiptir. Bina olarak 500 m2 kullan\u0131m alan\u0131 olan istasyon taraf\u0131m\u0131zdan is\u0327letilmektedir. 1994 senesinde...","protected":false},"author":1,"featured_media":0,"parent":0,"menu_order":0,"comment_status":"closed","ping_status":"closed","template":"","meta":{"footnotes":"","_links_to":"","_links_to_target":""},"class_list":["post-56","page","type-page","status-publish","hentry"],"yoast_head":"<!-- This site is optimized with the Yoast SEO plugin v27.3 - https:\/\/yoast.com\/product\/yoast-seo-wordpress\/ -->\n<title>\u0130n\u015faat \u0130\u015fleri - Odak Mimarl\u0131k Planlama Dan\u0131\u015fmanl\u0131k<\/title>\n<meta name=\"description\" content=\"\u0130n\u015faat \u0130\u015fleri\" \/>\n<meta name=\"robots\" content=\"index, follow, max-snippet:-1, max-image-preview:large, max-video-preview:-1\" \/>\n<link rel=\"canonical\" href=\"https:\/\/odakplanlama.com\/en\/projeler\/\" \/>\n<meta property=\"og:locale\" content=\"en_US\" \/>\n<meta property=\"og:type\" content=\"article\" \/>\n<meta property=\"og:title\" content=\"\u0130n\u015faat \u0130\u015fleri - Odak Mimarl\u0131k Planlama Dan\u0131\u015fmanl\u0131k\" \/>\n<meta property=\"og:description\" content=\"\u0130n\u015faat \u0130\u015fleri\" \/>\n<meta property=\"og:url\" content=\"https:\/\/odakplanlama.com\/en\/projeler\/\" \/>\n<meta property=\"og:site_name\" content=\"Odak Mimarl\u0131k Planlama Dan\u0131\u015fmanl\u0131k\" \/>\n<meta property=\"article:modified_time\" content=\"2025-03-11T13:35:44+00:00\" \/>\n<meta name=\"twitter:card\" content=\"summary_large_image\" \/>\n<meta name=\"twitter:label1\" content=\"Est. reading time\" \/>\n\t<meta name=\"twitter:data1\" content=\"1 minute\" \/>\n<script type=\"application\/ld+json\" class=\"yoast-schema-graph\">{\"@context\":\"https:\\\/\\\/schema.org\",\"@graph\":[{\"@type\":\"WebPage\",\"@id\":\"https:\\\/\\\/odakplanlama.com\\\/projeler\\\/\",\"url\":\"https:\\\/\\\/odakplanlama.com\\\/projeler\\\/\",\"name\":\"\u0130n\u015faat \u0130\u015fleri - Odak Mimarl\u0131k Planlama Dan\u0131\u015fmanl\u0131k\",\"isPartOf\":{\"@id\":\"https:\\\/\\\/odakplanlama.com\\\/#website\"},\"datePublished\":\"2025-03-10T12:38:01+00:00\",\"dateModified\":\"2025-03-11T13:35:44+00:00\",\"description\":\"\u0130n\u015faat \u0130\u015fleri\",\"breadcrumb\":{\"@id\":\"https:\\\/\\\/odakplanlama.com\\\/projeler\\\/#breadcrumb\"},\"inLanguage\":\"en-US\",\"potentialAction\":[{\"@type\":\"ReadAction\",\"target\":[\"https:\\\/\\\/odakplanlama.com\\\/projeler\\\/\"]}]},{\"@type\":\"BreadcrumbList\",\"@id\":\"https:\\\/\\\/odakplanlama.com\\\/projeler\\\/#breadcrumb\",\"itemListElement\":[{\"@type\":\"ListItem\",\"position\":1,\"name\":\"Anasayfa\",\"item\":\"https:\\\/\\\/odakplanlama.com\\\/\"},{\"@type\":\"ListItem\",\"position\":2,\"name\":\"\u0130n\u015faat \u0130\u015fleri\"}]},{\"@type\":\"WebSite\",\"@id\":\"https:\\\/\\\/odakplanlama.com\\\/#website\",\"url\":\"https:\\\/\\\/odakplanlama.com\\\/\",\"name\":\"Odak Mimarl\u0131k Planlama Dan\u0131\u015fmanl\u0131k\",\"description\":\"\",\"publisher\":{\"@id\":\"https:\\\/\\\/odakplanlama.com\\\/#organization\"},\"potentialAction\":[{\"@type\":\"SearchAction\",\"target\":{\"@type\":\"EntryPoint\",\"urlTemplate\":\"https:\\\/\\\/odakplanlama.com\\\/?s={search_term_string}\"},\"query-input\":{\"@type\":\"PropertyValueSpecification\",\"valueRequired\":true,\"valueName\":\"search_term_string\"}}],\"inLanguage\":\"en-US\"},{\"@type\":\"Organization\",\"@id\":\"https:\\\/\\\/odakplanlama.com\\\/#organization\",\"name\":\"Odak Mimarl\u0131k Planlama Dan\u0131\u015fmanl\u0131k\",\"url\":\"https:\\\/\\\/odakplanlama.com\\\/\",\"logo\":{\"@type\":\"ImageObject\",\"inLanguage\":\"en-US\",\"@id\":\"https:\\\/\\\/odakplanlama.com\\\/#\\\/schema\\\/logo\\\/image\\\/\",\"url\":\"https:\\\/\\\/odakplanlama.com\\\/wp-content\\\/uploads\\\/2025\\\/03\\\/odaktr.png\",\"contentUrl\":\"https:\\\/\\\/odakplanlama.com\\\/wp-content\\\/uploads\\\/2025\\\/03\\\/odaktr.png\",\"width\":200,\"height\":83,\"caption\":\"Odak Mimarl\u0131k Planlama Dan\u0131\u015fmanl\u0131k\"},\"image\":{\"@id\":\"https:\\\/\\\/odakplanlama.com\\\/#\\\/schema\\\/logo\\\/image\\\/\"}}]}<\/script>\n<!-- \/ Yoast SEO plugin. -->","yoast_head_json":{"title":"\u0130n\u015faat \u0130\u015fleri - Odak Mimarl\u0131k Planlama Dan\u0131\u015fmanl\u0131k","description":"Construction Works","robots":{"index":"index","follow":"follow","max-snippet":"max-snippet:-1","max-image-preview":"max-image-preview:large","max-video-preview":"max-video-preview:-1"},"canonical":"https:\/\/odakplanlama.com\/en\/projeler\/","og_locale":"en_US","og_type":"article","og_title":"\u0130n\u015faat \u0130\u015fleri - Odak Mimarl\u0131k Planlama Dan\u0131\u015fmanl\u0131k","og_description":"\u0130n\u015faat \u0130\u015fleri","og_url":"https:\/\/odakplanlama.com\/en\/projeler\/","og_site_name":"Odak Mimarl\u0131k Planlama Dan\u0131\u015fmanl\u0131k","article_modified_time":"2025-03-11T13:35:44+00:00","twitter_card":"summary_large_image","twitter_misc":{"Est. reading time":"1 minute"},"schema":{"@context":"https:\/\/schema.org","@graph":[{"@type":"WebPage","@id":"https:\/\/odakplanlama.com\/projeler\/","url":"https:\/\/odakplanlama.com\/projeler\/","name":"\u0130n\u015faat \u0130\u015fleri - Odak Mimarl\u0131k Planlama Dan\u0131\u015fmanl\u0131k","isPartOf":{"@id":"https:\/\/odakplanlama.com\/#website"},"datePublished":"2025-03-10T12:38:01+00:00","dateModified":"2025-03-11T13:35:44+00:00","description":"Construction Works","breadcrumb":{"@id":"https:\/\/odakplanlama.com\/projeler\/#breadcrumb"},"inLanguage":"en-US","potentialAction":[{"@type":"ReadAction","target":["https:\/\/odakplanlama.com\/projeler\/"]}]},{"@type":"BreadcrumbList","@id":"https:\/\/odakplanlama.com\/projeler\/#breadcrumb","itemListElement":[{"@type":"ListItem","position":1,"name":"Anasayfa","item":"https:\/\/odakplanlama.com\/"},{"@type":"ListItem","position":2,"name":"\u0130n\u015faat \u0130\u015fleri"}]},{"@type":"WebSite","@id":"https:\/\/odakplanlama.com\/#website","url":"https:\/\/odakplanlama.com\/","name":"Odak Mimarl\u0131k Planlama Dan\u0131\u015fmanl\u0131k","description":"","publisher":{"@id":"https:\/\/odakplanlama.com\/#organization"},"potentialAction":[{"@type":"SearchAction","target":{"@type":"EntryPoint","urlTemplate":"https:\/\/odakplanlama.com\/?s={search_term_string}"},"query-input":{"@type":"PropertyValueSpecification","valueRequired":true,"valueName":"search_term_string"}}],"inLanguage":"en-US"},{"@type":"Organization","@id":"https:\/\/odakplanlama.com\/#organization","name":"Odak Mimarl\u0131k Planlama Dan\u0131\u015fmanl\u0131k","url":"https:\/\/odakplanlama.com\/","logo":{"@type":"ImageObject","inLanguage":"en-US","@id":"https:\/\/odakplanlama.com\/#\/schema\/logo\/image\/","url":"https:\/\/odakplanlama.com\/wp-content\/uploads\/2025\/03\/odaktr.png","contentUrl":"https:\/\/odakplanlama.com\/wp-content\/uploads\/2025\/03\/odaktr.png","width":200,"height":83,"caption":"Odak Mimarl\u0131k Planlama Dan\u0131\u015fmanl\u0131k"},"image":{"@id":"https:\/\/odakplanlama.com\/#\/schema\/logo\/image\/"}}]}},"_links":{"self":[{"href":"https:\/\/odakplanlama.com\/en\/wp-json\/wp\/v2\/pages\/56","targetHints":{"allow":["GET"]}}],"collection":[{"href":"https:\/\/odakplanlama.com\/en\/wp-json\/wp\/v2\/pages"}],"about":[{"href":"https:\/\/odakplanlama.com\/en\/wp-json\/wp\/v2\/types\/page"}],"author":[{"embeddable":true,"href":"https:\/\/odakplanlama.com\/en\/wp-json\/wp\/v2\/users\/1"}],"replies":[{"embeddable":true,"href":"https:\/\/odakplanlama.com\/en\/wp-json\/wp\/v2\/comments?post=56"}],"version-history":[{"count":24,"href":"https:\/\/odakplanlama.com\/en\/wp-json\/wp\/v2\/pages\/56\/revisions"}],"predecessor-version":[{"id":106,"href":"https:\/\/odakplanlama.com\/en\/wp-json\/wp\/v2\/pages\/56\/revisions\/106"}],"wp:attachment":[{"href":"https:\/\/odakplanlama.com\/en\/wp-json\/wp\/v2\/media?parent=56"}],"curies":[{"name":"wp","href":"https:\/\/api.w.org\/{rel}","templated":true}]}}